{"id":3649,"date":"2023-12-13T20:28:34","date_gmt":"2023-12-13T20:28:34","guid":{"rendered":"https:\/\/loredana.mx\/product\/vela-de-cera-de-soya\/"},"modified":"2026-03-27T20:12:34","modified_gmt":"2026-03-27T20:12:34","slug":"vela-de-cera-de-soya","status":"publish","type":"product","link":"https:\/\/loredana.mx\/es_es\/product\/vela-de-cera-de-soya\/","title":{"rendered":"Velas de Cera de Soya"},"content":{"rendered":"<p>&nbsp;<\/p>\n<h2>VELAS DE CERA DE SOYA<\/h2>\n<ul>\n<li>La cera de soya se termina completamente sin desperdicio, adem\u00e1s dura de 2 a 3 veces m\u00e1s que la parafina, ya que combustiona m\u00e1s lentamente.<\/li>\n<li>Conservan mejor el aroma y lo liberan durante m\u00e1s tiempo.<\/li>\n<\/ul>\n","protected":false},"excerpt":{"rendered":"<p>Velas hechas 100% con cera de soya que ayudan a eliminar malos olores y crear un ambiente fresco y renovador<\/p>\n<p>Al calentarse la cera se convierte en un aceite que se puede utilizar para dar masaje<\/p>\n","protected":false},"featured_media":8549,"comment_status":"open","ping_status":"closed","template":"","meta":{"_joinchat":[]},"product_brand":[],"product_cat":[148,149,171,160,146],"product_tag":[173,112,172,117,143],"class_list":{"0":"post-3649","1":"product","2":"type-product","3":"status-publish","4":"has-post-thumbnail","6":"product_cat-ambar-negro-y-bergamota","7":"product_cat-aromatizantes","8":"product_cat-promociones","9":"product_cat-te-blanco-y-jengibre","10":"product_cat-todos-los-productos","11":"product_tag-almizcle-y-cedro-blanco","12":"product_tag-ambar-negro-y-bergamota","13":"product_tag-sandalo-y-cardamomo","14":"product_tag-te-blanco-y-jengibre","15":"product_tag-vela-de-cera-de-soya","17":"first","18":"instock","19":"taxable","20":"shipping-taxable","21":"purchasable","22":"product-type-variable"},"acf":[],"yoast_head":"<!-- This site is optimized with the Yoast SEO plugin v25.6 - https:\/\/yoast.com\/wordpress\/plugins\/seo\/ -->\n<title>Velas de Cera de Soya - Loredana<\/title>\n<meta name=\"robots\" content=\"index, follow, max-snippet:-1, max-image-preview:large, max-video-preview:-1\" \/>\n<link rel=\"canonical\" href=\"https:\/\/loredana.mx\/es_es\/product\/vela-de-cera-de-soya\/\" \/>\n<meta property=\"og:locale\" content=\"es_ES\" \/>\n<meta property=\"og:type\" content=\"article\" \/>\n<meta property=\"og:title\" content=\"Velas de Cera de Soya - Loredana\" \/>\n<meta property=\"og:description\" content=\"Velas hechas 100% con cera de soya que ayudan a eliminar malos olores y crear un ambiente fresco y renovador  Al calentarse la cera se convierte en un aceite que se puede utilizar para dar masaje\" \/>\n<meta property=\"og:url\" content=\"https:\/\/loredana.mx\/es_es\/product\/vela-de-cera-de-soya\/\" \/>\n<meta property=\"og:site_name\" content=\"Loredana\" \/>\n<meta property=\"article:modified_time\" content=\"2026-03-27T20:12:34+00:00\" \/>\n<meta property=\"og:image\" content=\"https:\/\/loredana.mx\/wp-content\/uploads\/2023\/12\/VELA-767x1024.png\" \/>\n\t<meta property=\"og:image:width\" content=\"767\" \/>\n\t<meta property=\"og:image:height\" content=\"1024\" \/>\n\t<meta property=\"og:image:type\" content=\"image\/png\" \/>\n<meta name=\"twitter:card\" content=\"summary_large_image\" \/>\n<meta name=\"twitter:label1\" content=\"Tiempo de lectura\" \/>\n\t<meta name=\"twitter:data1\" content=\"1 minuto\" \/>\n<script type=\"application\/ld+json\" class=\"yoast-schema-graph\">{\"@context\":\"https:\/\/schema.org\",\"@graph\":[{\"@type\":\"WebPage\",\"@id\":\"https:\/\/loredana.mx\/product\/vela-de-cera-de-soya\/\",\"url\":\"https:\/\/loredana.mx\/product\/vela-de-cera-de-soya\/\",\"name\":\"Velas de Cera de Soya - Loredana\",\"isPartOf\":{\"@id\":\"https:\/\/loredana.mx\/es_es\/#website\"},\"primaryImageOfPage\":{\"@id\":\"https:\/\/loredana.mx\/product\/vela-de-cera-de-soya\/#primaryimage\"},\"image\":{\"@id\":\"https:\/\/loredana.mx\/product\/vela-de-cera-de-soya\/#primaryimage\"},\"thumbnailUrl\":\"https:\/\/loredana.mx\/wp-content\/uploads\/2023\/12\/VELA.png\",\"datePublished\":\"2023-12-13T20:28:34+00:00\",\"dateModified\":\"2026-03-27T20:12:34+00:00\",\"breadcrumb\":{\"@id\":\"https:\/\/loredana.mx\/product\/vela-de-cera-de-soya\/#breadcrumb\"},\"inLanguage\":\"es\",\"potentialAction\":[{\"@type\":\"ReadAction\",\"target\":[\"https:\/\/loredana.mx\/product\/vela-de-cera-de-soya\/\"]}]},{\"@type\":\"ImageObject\",\"inLanguage\":\"es\",\"@id\":\"https:\/\/loredana.mx\/product\/vela-de-cera-de-soya\/#primaryimage\",\"url\":\"https:\/\/loredana.mx\/wp-content\/uploads\/2023\/12\/VELA.png\",\"contentUrl\":\"https:\/\/loredana.mx\/wp-content\/uploads\/2023\/12\/VELA.png\",\"width\":1920,\"height\":2562},{\"@type\":\"BreadcrumbList\",\"@id\":\"https:\/\/loredana.mx\/product\/vela-de-cera-de-soya\/#breadcrumb\",\"itemListElement\":[{\"@type\":\"ListItem\",\"position\":1,\"name\":\"Portada\",\"item\":\"https:\/\/loredana.mx\/\"},{\"@type\":\"ListItem\",\"position\":2,\"name\":\"Shop\",\"item\":\"https:\/\/loredana.mx\/shop\/\"},{\"@type\":\"ListItem\",\"position\":3,\"name\":\"Velas de Cera de Soya\"}]},{\"@type\":\"WebSite\",\"@id\":\"https:\/\/loredana.mx\/es_es\/#website\",\"url\":\"https:\/\/loredana.mx\/es_es\/\",\"name\":\"Loredana\",\"description\":\"Amenidades premium para Hotel.\",\"potentialAction\":[{\"@type\":\"SearchAction\",\"target\":{\"@type\":\"EntryPoint\",\"urlTemplate\":\"https:\/\/loredana.mx\/es_es\/?s={search_term_string}\"},\"query-input\":{\"@type\":\"PropertyValueSpecification\",\"valueRequired\":true,\"valueName\":\"search_term_string\"}}],\"inLanguage\":\"es\"}]}<\/script>\n<!-- \/ Yoast SEO plugin. -->","yoast_head_json":{"title":"Velas de Cera de Soya - Loredana","robots":{"index":"index","follow":"follow","max-snippet":"max-snippet:-1","max-image-preview":"max-image-preview:large","max-video-preview":"max-video-preview:-1"},"canonical":"https:\/\/loredana.mx\/es_es\/product\/vela-de-cera-de-soya\/","og_locale":"es_ES","og_type":"article","og_title":"Velas de Cera de Soya - Loredana","og_description":"Velas hechas 100% con cera de soya que ayudan a eliminar malos olores y crear un ambiente fresco y renovador  Al calentarse la cera se convierte en un aceite que se puede utilizar para dar masaje","og_url":"https:\/\/loredana.mx\/es_es\/product\/vela-de-cera-de-soya\/","og_site_name":"Loredana","article_modified_time":"2026-03-27T20:12:34+00:00","og_image":[{"width":767,"height":1024,"url":"https:\/\/loredana.mx\/wp-content\/uploads\/2023\/12\/VELA-767x1024.png","type":"image\/png"}],"twitter_card":"summary_large_image","twitter_misc":{"Tiempo de lectura":"1 minuto"},"schema":{"@context":"https:\/\/schema.org","@graph":[{"@type":"WebPage","@id":"https:\/\/loredana.mx\/product\/vela-de-cera-de-soya\/","url":"https:\/\/loredana.mx\/product\/vela-de-cera-de-soya\/","name":"Velas de Cera de Soya - Loredana","isPartOf":{"@id":"https:\/\/loredana.mx\/es_es\/#website"},"primaryImageOfPage":{"@id":"https:\/\/loredana.mx\/product\/vela-de-cera-de-soya\/#primaryimage"},"image":{"@id":"https:\/\/loredana.mx\/product\/vela-de-cera-de-soya\/#primaryimage"},"thumbnailUrl":"https:\/\/loredana.mx\/wp-content\/uploads\/2023\/12\/VELA.png","datePublished":"2023-12-13T20:28:34+00:00","dateModified":"2026-03-27T20:12:34+00:00","breadcrumb":{"@id":"https:\/\/loredana.mx\/product\/vela-de-cera-de-soya\/#breadcrumb"},"inLanguage":"es","potentialAction":[{"@type":"ReadAction","target":["https:\/\/loredana.mx\/product\/vela-de-cera-de-soya\/"]}]},{"@type":"ImageObject","inLanguage":"es","@id":"https:\/\/loredana.mx\/product\/vela-de-cera-de-soya\/#primaryimage","url":"https:\/\/loredana.mx\/wp-content\/uploads\/2023\/12\/VELA.png","contentUrl":"https:\/\/loredana.mx\/wp-content\/uploads\/2023\/12\/VELA.png","width":1920,"height":2562},{"@type":"BreadcrumbList","@id":"https:\/\/loredana.mx\/product\/vela-de-cera-de-soya\/#breadcrumb","itemListElement":[{"@type":"ListItem","position":1,"name":"Portada","item":"https:\/\/loredana.mx\/"},{"@type":"ListItem","position":2,"name":"Shop","item":"https:\/\/loredana.mx\/shop\/"},{"@type":"ListItem","position":3,"name":"Velas de Cera de Soya"}]},{"@type":"WebSite","@id":"https:\/\/loredana.mx\/es_es\/#website","url":"https:\/\/loredana.mx\/es_es\/","name":"Loredana","description":"Amenidades premium para Hotel.","potentialAction":[{"@type":"SearchAction","target":{"@type":"EntryPoint","urlTemplate":"https:\/\/loredana.mx\/es_es\/?s={search_term_string}"},"query-input":{"@type":"PropertyValueSpecification","valueRequired":true,"valueName":"search_term_string"}}],"inLanguage":"es"}]}},"_links":{"self":[{"href":"https:\/\/loredana.mx\/es_es\/wp-json\/wp\/v2\/product\/3649"}],"collection":[{"href":"https:\/\/loredana.mx\/es_es\/wp-json\/wp\/v2\/product"}],"about":[{"href":"https:\/\/loredana.mx\/es_es\/wp-json\/wp\/v2\/types\/product"}],"replies":[{"embeddable":true,"href":"https:\/\/loredana.mx\/es_es\/wp-json\/wp\/v2\/comments?post=3649"}],"wp:featuredmedia":[{"embeddable":true,"href":"https:\/\/loredana.mx\/es_es\/wp-json\/wp\/v2\/media\/8549"}],"wp:attachment":[{"href":"https:\/\/loredana.mx\/es_es\/wp-json\/wp\/v2\/media?parent=3649"}],"wp:term":[{"taxonomy":"product_brand","embeddable":true,"href":"https:\/\/loredana.mx\/es_es\/wp-json\/wp\/v2\/product_brand?post=3649"},{"taxonomy":"product_cat","embeddable":true,"href":"https:\/\/loredana.mx\/es_es\/wp-json\/wp\/v2\/product_cat?post=3649"},{"taxonomy":"product_tag","embeddable":true,"href":"https:\/\/loredana.mx\/es_es\/wp-json\/wp\/v2\/product_tag?post=3649"}],"curies":[{"name":"wp","href":"https:\/\/api.w.org\/{rel}","templated":true}]}}