{"id":3519,"date":"2024-08-08T11:31:04","date_gmt":"2024-08-08T11:31:04","guid":{"rendered":"https:\/\/loredana.mx\/product\/crema-facial-acido-hialuronico\/"},"modified":"2026-03-12T10:21:51","modified_gmt":"2026-03-12T10:21:51","slug":"crema-facial-acido-hialuronico","status":"publish","type":"product","link":"https:\/\/loredana.mx\/es_es\/product\/crema-facial-acido-hialuronico\/","title":{"rendered":"Crema Facial \u00c1cido Hialur\u00f3nico"},"content":{"rendered":"<h2>CREMA FACIAL NATURAL \u00c1CIDO HIALUR\u00d3NICO<\/h2>\n<p>Ayuda a disminuir las arrugas. Al promover el equilibrio de la humedad adecuada en la piel, el \u00e1cido hialur\u00f3nico impide la sobreproducci\u00f3n de aceite que obstruye los poros y que conlleva a brotes de acn\u00e9.<\/p>\n<p>Contiene :<br \/>\n&#8211; \u00c1cido Hialur\u00f3nico<br \/>\n&#8211; Aceite de calendula<br \/>\n&#8211; Aceite de almendras dulces<\/p>\n<p>Todos nuestros productos son <strong>cosm\u00e9ticos 100% hechos en Mexico y eco-friendly<\/strong><\/p>\n<p>&nbsp;<\/p>\n","protected":false},"excerpt":{"rendered":"<p>Una formula exclusiva y 100% natural. El \u00e1cido Hialur\u00f3nico hidrata y estimula la regeneraci\u00f3n celular de la piel, ayuda a disminuir las arrugas. Al promover el equilibrio de la humedad adecuada en la piel.<\/p>\n","protected":false},"featured_media":8555,"comment_status":"open","ping_status":"closed","template":"","meta":{"_joinchat":[]},"product_brand":[],"product_cat":[195,146],"product_tag":[128],"class_list":{"0":"post-3519","1":"product","2":"type-product","3":"status-publish","4":"has-post-thumbnail","6":"product_cat-facial","7":"product_cat-todos-los-productos","8":"product_tag-crema-facial","10":"first","11":"instock","12":"taxable","13":"shipping-taxable","14":"purchasable","15":"product-type-simple"},"acf":[],"yoast_head":"<!-- This site is optimized with the Yoast SEO plugin v25.6 - https:\/\/yoast.com\/wordpress\/plugins\/seo\/ -->\n<title>Crema Facial \u00c1cido Hialur\u00f3nico - Loredana<\/title>\n<meta name=\"robots\" content=\"index, follow, max-snippet:-1, max-image-preview:large, max-video-preview:-1\" \/>\n<link rel=\"canonical\" href=\"https:\/\/loredana.mx\/es_es\/product\/crema-facial-acido-hialuronico\/\" \/>\n<meta property=\"og:locale\" content=\"es_ES\" \/>\n<meta property=\"og:type\" content=\"article\" \/>\n<meta property=\"og:title\" content=\"Crema Facial \u00c1cido Hialur\u00f3nico - Loredana\" \/>\n<meta property=\"og:description\" content=\"Una formula exclusiva y 100% natural. El \u00e1cido Hialur\u00f3nico hidrata y estimula la regeneraci\u00f3n celular de la piel, ayuda a disminuir las arrugas. Al promover el equilibrio de la humedad adecuada en la piel.\" \/>\n<meta property=\"og:url\" content=\"https:\/\/loredana.mx\/es_es\/product\/crema-facial-acido-hialuronico\/\" \/>\n<meta property=\"og:site_name\" content=\"Loredana\" \/>\n<meta property=\"article:modified_time\" content=\"2026-03-12T10:21:51+00:00\" \/>\n<meta property=\"og:image\" content=\"https:\/\/loredana.mx\/wp-content\/uploads\/2024\/08\/CREMA-FACIAL-767x1024.png\" \/>\n\t<meta property=\"og:image:width\" content=\"767\" \/>\n\t<meta property=\"og:image:height\" content=\"1024\" \/>\n\t<meta property=\"og:image:type\" content=\"image\/png\" \/>\n<meta name=\"twitter:card\" content=\"summary_large_image\" \/>\n<meta name=\"twitter:label1\" content=\"Tiempo de lectura\" \/>\n\t<meta name=\"twitter:data1\" content=\"1 minuto\" \/>\n<script type=\"application\/ld+json\" class=\"yoast-schema-graph\">{\"@context\":\"https:\/\/schema.org\",\"@graph\":[{\"@type\":\"WebPage\",\"@id\":\"https:\/\/loredana.mx\/product\/crema-facial-acido-hialuronico\/\",\"url\":\"https:\/\/loredana.mx\/product\/crema-facial-acido-hialuronico\/\",\"name\":\"Crema Facial \u00c1cido Hialur\u00f3nico - Loredana\",\"isPartOf\":{\"@id\":\"https:\/\/loredana.mx\/es_es\/#website\"},\"primaryImageOfPage\":{\"@id\":\"https:\/\/loredana.mx\/product\/crema-facial-acido-hialuronico\/#primaryimage\"},\"image\":{\"@id\":\"https:\/\/loredana.mx\/product\/crema-facial-acido-hialuronico\/#primaryimage\"},\"thumbnailUrl\":\"https:\/\/loredana.mx\/wp-content\/uploads\/2024\/08\/CREMA-FACIAL.png\",\"datePublished\":\"2024-08-08T11:31:04+00:00\",\"dateModified\":\"2026-03-12T10:21:51+00:00\",\"breadcrumb\":{\"@id\":\"https:\/\/loredana.mx\/product\/crema-facial-acido-hialuronico\/#breadcrumb\"},\"inLanguage\":\"es\",\"potentialAction\":[{\"@type\":\"ReadAction\",\"target\":[\"https:\/\/loredana.mx\/product\/crema-facial-acido-hialuronico\/\"]}]},{\"@type\":\"ImageObject\",\"inLanguage\":\"es\",\"@id\":\"https:\/\/loredana.mx\/product\/crema-facial-acido-hialuronico\/#primaryimage\",\"url\":\"https:\/\/loredana.mx\/wp-content\/uploads\/2024\/08\/CREMA-FACIAL.png\",\"contentUrl\":\"https:\/\/loredana.mx\/wp-content\/uploads\/2024\/08\/CREMA-FACIAL.png\",\"width\":1920,\"height\":2562},{\"@type\":\"BreadcrumbList\",\"@id\":\"https:\/\/loredana.mx\/product\/crema-facial-acido-hialuronico\/#breadcrumb\",\"itemListElement\":[{\"@type\":\"ListItem\",\"position\":1,\"name\":\"Portada\",\"item\":\"https:\/\/loredana.mx\/\"},{\"@type\":\"ListItem\",\"position\":2,\"name\":\"Shop\",\"item\":\"https:\/\/loredana.mx\/shop\/\"},{\"@type\":\"ListItem\",\"position\":3,\"name\":\"Crema Facial \u00c1cido Hialur\u00f3nico\"}]},{\"@type\":\"WebSite\",\"@id\":\"https:\/\/loredana.mx\/es_es\/#website\",\"url\":\"https:\/\/loredana.mx\/es_es\/\",\"name\":\"Loredana\",\"description\":\"Amenidades premium para Hotel.\",\"potentialAction\":[{\"@type\":\"SearchAction\",\"target\":{\"@type\":\"EntryPoint\",\"urlTemplate\":\"https:\/\/loredana.mx\/es_es\/?s={search_term_string}\"},\"query-input\":{\"@type\":\"PropertyValueSpecification\",\"valueRequired\":true,\"valueName\":\"search_term_string\"}}],\"inLanguage\":\"es\"}]}<\/script>\n<!-- \/ Yoast SEO plugin. -->","yoast_head_json":{"title":"Crema Facial \u00c1cido Hialur\u00f3nico - Loredana","robots":{"index":"index","follow":"follow","max-snippet":"max-snippet:-1","max-image-preview":"max-image-preview:large","max-video-preview":"max-video-preview:-1"},"canonical":"https:\/\/loredana.mx\/es_es\/product\/crema-facial-acido-hialuronico\/","og_locale":"es_ES","og_type":"article","og_title":"Crema Facial \u00c1cido Hialur\u00f3nico - Loredana","og_description":"Una formula exclusiva y 100% natural. El \u00e1cido Hialur\u00f3nico hidrata y estimula la regeneraci\u00f3n celular de la piel, ayuda a disminuir las arrugas. Al promover el equilibrio de la humedad adecuada en la piel.","og_url":"https:\/\/loredana.mx\/es_es\/product\/crema-facial-acido-hialuronico\/","og_site_name":"Loredana","article_modified_time":"2026-03-12T10:21:51+00:00","og_image":[{"width":767,"height":1024,"url":"https:\/\/loredana.mx\/wp-content\/uploads\/2024\/08\/CREMA-FACIAL-767x1024.png","type":"image\/png"}],"twitter_card":"summary_large_image","twitter_misc":{"Tiempo de lectura":"1 minuto"},"schema":{"@context":"https:\/\/schema.org","@graph":[{"@type":"WebPage","@id":"https:\/\/loredana.mx\/product\/crema-facial-acido-hialuronico\/","url":"https:\/\/loredana.mx\/product\/crema-facial-acido-hialuronico\/","name":"Crema Facial \u00c1cido Hialur\u00f3nico - Loredana","isPartOf":{"@id":"https:\/\/loredana.mx\/es_es\/#website"},"primaryImageOfPage":{"@id":"https:\/\/loredana.mx\/product\/crema-facial-acido-hialuronico\/#primaryimage"},"image":{"@id":"https:\/\/loredana.mx\/product\/crema-facial-acido-hialuronico\/#primaryimage"},"thumbnailUrl":"https:\/\/loredana.mx\/wp-content\/uploads\/2024\/08\/CREMA-FACIAL.png","datePublished":"2024-08-08T11:31:04+00:00","dateModified":"2026-03-12T10:21:51+00:00","breadcrumb":{"@id":"https:\/\/loredana.mx\/product\/crema-facial-acido-hialuronico\/#breadcrumb"},"inLanguage":"es","potentialAction":[{"@type":"ReadAction","target":["https:\/\/loredana.mx\/product\/crema-facial-acido-hialuronico\/"]}]},{"@type":"ImageObject","inLanguage":"es","@id":"https:\/\/loredana.mx\/product\/crema-facial-acido-hialuronico\/#primaryimage","url":"https:\/\/loredana.mx\/wp-content\/uploads\/2024\/08\/CREMA-FACIAL.png","contentUrl":"https:\/\/loredana.mx\/wp-content\/uploads\/2024\/08\/CREMA-FACIAL.png","width":1920,"height":2562},{"@type":"BreadcrumbList","@id":"https:\/\/loredana.mx\/product\/crema-facial-acido-hialuronico\/#breadcrumb","itemListElement":[{"@type":"ListItem","position":1,"name":"Portada","item":"https:\/\/loredana.mx\/"},{"@type":"ListItem","position":2,"name":"Shop","item":"https:\/\/loredana.mx\/shop\/"},{"@type":"ListItem","position":3,"name":"Crema Facial \u00c1cido Hialur\u00f3nico"}]},{"@type":"WebSite","@id":"https:\/\/loredana.mx\/es_es\/#website","url":"https:\/\/loredana.mx\/es_es\/","name":"Loredana","description":"Amenidades premium para Hotel.","potentialAction":[{"@type":"SearchAction","target":{"@type":"EntryPoint","urlTemplate":"https:\/\/loredana.mx\/es_es\/?s={search_term_string}"},"query-input":{"@type":"PropertyValueSpecification","valueRequired":true,"valueName":"search_term_string"}}],"inLanguage":"es"}]}},"_links":{"self":[{"href":"https:\/\/loredana.mx\/es_es\/wp-json\/wp\/v2\/product\/3519"}],"collection":[{"href":"https:\/\/loredana.mx\/es_es\/wp-json\/wp\/v2\/product"}],"about":[{"href":"https:\/\/loredana.mx\/es_es\/wp-json\/wp\/v2\/types\/product"}],"replies":[{"embeddable":true,"href":"https:\/\/loredana.mx\/es_es\/wp-json\/wp\/v2\/comments?post=3519"}],"wp:featuredmedia":[{"embeddable":true,"href":"https:\/\/loredana.mx\/es_es\/wp-json\/wp\/v2\/media\/8555"}],"wp:attachment":[{"href":"https:\/\/loredana.mx\/es_es\/wp-json\/wp\/v2\/media?parent=3519"}],"wp:term":[{"taxonomy":"product_brand","embeddable":true,"href":"https:\/\/loredana.mx\/es_es\/wp-json\/wp\/v2\/product_brand?post=3519"},{"taxonomy":"product_cat","embeddable":true,"href":"https:\/\/loredana.mx\/es_es\/wp-json\/wp\/v2\/product_cat?post=3519"},{"taxonomy":"product_tag","embeddable":true,"href":"https:\/\/loredana.mx\/es_es\/wp-json\/wp\/v2\/product_tag?post=3519"}],"curies":[{"name":"wp","href":"https:\/\/api.w.org\/{rel}","templated":true}]}}