{"id":3924,"date":"2024-01-08T22:01:58","date_gmt":"2024-01-08T22:01:58","guid":{"rendered":"https:\/\/loredana.mx\/?page_id=3924"},"modified":"2024-04-11T17:45:43","modified_gmt":"2024-04-11T17:45:43","slug":"politica-de-envios","status":"publish","type":"page","link":"https:\/\/loredana.mx\/es_es\/politica-de-envios\/","title":{"rendered":"Pol\u00edtica de env\u00edos"},"content":{"rendered":"\t\t<div data-elementor-type=\"wp-page\" data-elementor-id=\"3924\" class=\"elementor elementor-3924\">\n\t\t\t\t\t\t<section class=\"elementor-section elementor-top-section elementor-element elementor-element-a8c526f elementor-section-height-min-height elementor-section-boxed elementor-section-height-default elementor-section-items-middle\" data-id=\"a8c526f\" data-element_type=\"section\" data-settings=\"{&quot;background_background&quot;:&quot;classic&quot;}\">\n\t\t\t\t\t\t<div class=\"elementor-container elementor-column-gap-extended\">\n\t\t\t\t\t<div class=\"elementor-column elementor-col-100 elementor-top-column elementor-element elementor-element-ea50443\" data-id=\"ea50443\" data-element_type=\"column\">\n\t\t\t<div class=\"elementor-widget-wrap elementor-element-populated\">\n\t\t\t\t\t\t<div class=\"elementor-element elementor-element-3152c8e elementor-widget elementor-widget-heading\" data-id=\"3152c8e\" data-element_type=\"widget\" data-widget_type=\"heading.default\">\n\t\t\t\t<div class=\"elementor-widget-container\">\n\t\t\t<style>\/*! elementor - v3.21.0 - 26-05-2024 *\/\n.elementor-heading-title{padding:0;margin:0;line-height:1}.elementor-widget-heading .elementor-heading-title[class*=elementor-size-]>a{color:inherit;font-size:inherit;line-height:inherit}.elementor-widget-heading .elementor-heading-title.elementor-size-small{font-size:15px}.elementor-widget-heading .elementor-heading-title.elementor-size-medium{font-size:19px}.elementor-widget-heading .elementor-heading-title.elementor-size-large{font-size:29px}.elementor-widget-heading .elementor-heading-title.elementor-size-xl{font-size:39px}.elementor-widget-heading .elementor-heading-title.elementor-size-xxl{font-size:59px}<\/style><h1 class=\"elementor-heading-title elementor-size-default\">Pol\u00edtica de env\u00edo<br><\/h1>\t\t<\/div>\n\t\t\t\t<\/div>\n\t\t\t\t\t<\/div>\n\t\t<\/div>\n\t\t\t\t\t<\/div>\n\t\t<\/section>\n\t\t        \t\t<section class=\"elementor-section elementor-top-section elementor-element elementor-element-edcbe85 elementor-section-boxed elementor-section-height-default elementor-section-height-default\" data-id=\"edcbe85\" data-element_type=\"section\">\n\t\t\t\t\t\t<div class=\"elementor-container elementor-column-gap-extended\">\n\t\t\t\t\t<div class=\"elementor-column elementor-col-100 elementor-top-column elementor-element elementor-element-fcc737c\" data-id=\"fcc737c\" data-element_type=\"column\">\n\t\t\t<div class=\"elementor-widget-wrap elementor-element-populated\">\n\t\t\t\t\t\t<div class=\"elementor-element elementor-element-0453e82 elementor-widget elementor-widget-heading\" data-id=\"0453e82\" data-element_type=\"widget\" data-widget_type=\"heading.default\">\n\t\t\t\t<div class=\"elementor-widget-container\">\n\t\t\t<h3 class=\"elementor-heading-title elementor-size-default\">Pol\u00edticas de env\u00edo <\/h3>\t\t<\/div>\n\t\t\t\t<\/div>\n\t\t\t\t<div class=\"elementor-element elementor-element-da20c84 elementor-widget elementor-widget-text-editor\" data-id=\"da20c84\" data-element_type=\"widget\" data-widget_type=\"text-editor.default\">\n\t\t\t\t<div class=\"elementor-widget-container\">\n\t\t\t<style>\/*! elementor - v3.21.0 - 26-05-2024 *\/\n.elementor-widget-text-editor.elementor-drop-cap-view-stacked .elementor-drop-cap{background-color:#69727d;color:#fff}.elementor-widget-text-editor.elementor-drop-cap-view-framed .elementor-drop-cap{color:#69727d;border:3px solid;background-color:transparent}.elementor-widget-text-editor:not(.elementor-drop-cap-view-default) .elementor-drop-cap{margin-top:8px}.elementor-widget-text-editor:not(.elementor-drop-cap-view-default) .elementor-drop-cap-letter{width:1em;height:1em}.elementor-widget-text-editor .elementor-drop-cap{float:left;text-align:center;line-height:1;font-size:50px}.elementor-widget-text-editor .elementor-drop-cap-letter{display:inline-block}<\/style>\t\t\t\t<p style=\"text-align: justify;\">\u00a0La aduana del pa\u00eds de destino podr\u00e1 imponer tasas aduaneras, derechos de importaci\u00f3n, impuestos y otros grav\u00e1menes en pedidos internacionales, seg\u00fan corresponda.<b>\u00a0<\/b><\/p>\n\n<b>\u00a0<\/b>\n\n<b><p style=\"text-align: justify;\">Los impuestos adicionales mencionados con antelaci\u00f3n, que se requieren para los controles aduaneros, son responsabilidad del cliente y del destinatario, estos son independientes a\u00a0LOREDANA<\/b><\/p>\t\t\t\t\t\t<\/div>\n\t\t\t\t<\/div>\n\t\t\t\t\t<\/div>\n\t\t<\/div>\n\t\t\t\t\t<\/div>\n\t\t<\/section>\n\t\t        \t\t<\/div>\n\t\t","protected":false},"excerpt":{"rendered":"<p>Pol\u00edtica de env\u00edo Pol\u00edticas de env\u00edo \u00a0La aduana del pa\u00eds de destino podr\u00e1 imponer tasas aduaneras, derechos de importaci\u00f3n, impuestos y otros grav\u00e1menes en pedidos internacionales, seg\u00fan corresponda.\u00a0 \u00a0 Los impuestos adicionales mencionados con antelaci\u00f3n, que se requieren para los controles aduaneros, son responsabilidad del cliente y del destinatario, estos son independientes a\u00a0LOREDANA<\/p>\n","protected":false},"author":1,"featured_media":0,"parent":0,"menu_order":0,"comment_status":"closed","ping_status":"closed","template":"","meta":{"_joinchat":[],"footnotes":""},"class_list":["post-3924","page","type-page","status-publish","hentry"],"acf":[],"yoast_head":"<!-- This site is optimized with the Yoast SEO plugin v25.6 - https:\/\/yoast.com\/wordpress\/plugins\/seo\/ -->\n<title>Pol\u00edtica de env\u00edos - Loredana<\/title>\n<meta name=\"robots\" content=\"index, follow, max-snippet:-1, max-image-preview:large, max-video-preview:-1\" \/>\n<link rel=\"canonical\" href=\"https:\/\/loredana.mx\/es_es\/politica-de-envios\/\" \/>\n<meta property=\"og:locale\" content=\"es_ES\" \/>\n<meta property=\"og:type\" content=\"article\" \/>\n<meta property=\"og:title\" content=\"Pol\u00edtica de env\u00edos - Loredana\" \/>\n<meta property=\"og:description\" content=\"Pol\u00edtica de env\u00edo Pol\u00edticas de env\u00edo \u00a0La aduana del pa\u00eds de destino podr\u00e1 imponer tasas aduaneras, derechos de importaci\u00f3n, impuestos y otros grav\u00e1menes en pedidos internacionales, seg\u00fan corresponda.\u00a0 \u00a0 Los impuestos adicionales mencionados con antelaci\u00f3n, que se requieren para los controles aduaneros, son responsabilidad del cliente y del destinatario, estos son independientes a\u00a0LOREDANA\" \/>\n<meta property=\"og:url\" content=\"https:\/\/loredana.mx\/es_es\/politica-de-envios\/\" \/>\n<meta property=\"og:site_name\" content=\"Loredana\" \/>\n<meta property=\"article:modified_time\" content=\"2024-04-11T17:45:43+00:00\" \/>\n<meta name=\"twitter:card\" content=\"summary_large_image\" \/>\n<script type=\"application\/ld+json\" class=\"yoast-schema-graph\">{\"@context\":\"https:\/\/schema.org\",\"@graph\":[{\"@type\":\"WebPage\",\"@id\":\"https:\/\/loredana.mx\/en\/politica-de-envios\/\",\"url\":\"https:\/\/loredana.mx\/en\/politica-de-envios\/\",\"name\":\"Pol\u00edtica de env\u00edos - Loredana\",\"isPartOf\":{\"@id\":\"https:\/\/loredana.mx\/es_es\/#website\"},\"datePublished\":\"2024-01-08T22:01:58+00:00\",\"dateModified\":\"2024-04-11T17:45:43+00:00\",\"breadcrumb\":{\"@id\":\"https:\/\/loredana.mx\/en\/politica-de-envios\/#breadcrumb\"},\"inLanguage\":\"es\",\"potentialAction\":[{\"@type\":\"ReadAction\",\"target\":[\"https:\/\/loredana.mx\/en\/politica-de-envios\/\"]}]},{\"@type\":\"BreadcrumbList\",\"@id\":\"https:\/\/loredana.mx\/en\/politica-de-envios\/#breadcrumb\",\"itemListElement\":[{\"@type\":\"ListItem\",\"position\":1,\"name\":\"Portada\",\"item\":\"https:\/\/loredana.mx\/\"},{\"@type\":\"ListItem\",\"position\":2,\"name\":\"Pol\u00edtica de env\u00edos\"}]},{\"@type\":\"WebSite\",\"@id\":\"https:\/\/loredana.mx\/es_es\/#website\",\"url\":\"https:\/\/loredana.mx\/es_es\/\",\"name\":\"Loredana\",\"description\":\"Amenidades premium para Hotel.\",\"potentialAction\":[{\"@type\":\"SearchAction\",\"target\":{\"@type\":\"EntryPoint\",\"urlTemplate\":\"https:\/\/loredana.mx\/es_es\/?s={search_term_string}\"},\"query-input\":{\"@type\":\"PropertyValueSpecification\",\"valueRequired\":true,\"valueName\":\"search_term_string\"}}],\"inLanguage\":\"es\"}]}<\/script>\n<!-- \/ Yoast SEO plugin. -->","yoast_head_json":{"title":"Pol\u00edtica de env\u00edos - Loredana","robots":{"index":"index","follow":"follow","max-snippet":"max-snippet:-1","max-image-preview":"max-image-preview:large","max-video-preview":"max-video-preview:-1"},"canonical":"https:\/\/loredana.mx\/es_es\/politica-de-envios\/","og_locale":"es_ES","og_type":"article","og_title":"Pol\u00edtica de env\u00edos - Loredana","og_description":"Pol\u00edtica de env\u00edo Pol\u00edticas de env\u00edo \u00a0La aduana del pa\u00eds de destino podr\u00e1 imponer tasas aduaneras, derechos de importaci\u00f3n, impuestos y otros grav\u00e1menes en pedidos internacionales, seg\u00fan corresponda.\u00a0 \u00a0 Los impuestos adicionales mencionados con antelaci\u00f3n, que se requieren para los controles aduaneros, son responsabilidad del cliente y del destinatario, estos son independientes a\u00a0LOREDANA","og_url":"https:\/\/loredana.mx\/es_es\/politica-de-envios\/","og_site_name":"Loredana","article_modified_time":"2024-04-11T17:45:43+00:00","twitter_card":"summary_large_image","schema":{"@context":"https:\/\/schema.org","@graph":[{"@type":"WebPage","@id":"https:\/\/loredana.mx\/en\/politica-de-envios\/","url":"https:\/\/loredana.mx\/en\/politica-de-envios\/","name":"Pol\u00edtica de env\u00edos - Loredana","isPartOf":{"@id":"https:\/\/loredana.mx\/es_es\/#website"},"datePublished":"2024-01-08T22:01:58+00:00","dateModified":"2024-04-11T17:45:43+00:00","breadcrumb":{"@id":"https:\/\/loredana.mx\/en\/politica-de-envios\/#breadcrumb"},"inLanguage":"es","potentialAction":[{"@type":"ReadAction","target":["https:\/\/loredana.mx\/en\/politica-de-envios\/"]}]},{"@type":"BreadcrumbList","@id":"https:\/\/loredana.mx\/en\/politica-de-envios\/#breadcrumb","itemListElement":[{"@type":"ListItem","position":1,"name":"Portada","item":"https:\/\/loredana.mx\/"},{"@type":"ListItem","position":2,"name":"Pol\u00edtica de env\u00edos"}]},{"@type":"WebSite","@id":"https:\/\/loredana.mx\/es_es\/#website","url":"https:\/\/loredana.mx\/es_es\/","name":"Loredana","description":"Amenidades premium para Hotel.","potentialAction":[{"@type":"SearchAction","target":{"@type":"EntryPoint","urlTemplate":"https:\/\/loredana.mx\/es_es\/?s={search_term_string}"},"query-input":{"@type":"PropertyValueSpecification","valueRequired":true,"valueName":"search_term_string"}}],"inLanguage":"es"}]}},"_links":{"self":[{"href":"https:\/\/loredana.mx\/es_es\/wp-json\/wp\/v2\/pages\/3924"}],"collection":[{"href":"https:\/\/loredana.mx\/es_es\/wp-json\/wp\/v2\/pages"}],"about":[{"href":"https:\/\/loredana.mx\/es_es\/wp-json\/wp\/v2\/types\/page"}],"author":[{"embeddable":true,"href":"https:\/\/loredana.mx\/es_es\/wp-json\/wp\/v2\/users\/1"}],"replies":[{"embeddable":true,"href":"https:\/\/loredana.mx\/es_es\/wp-json\/wp\/v2\/comments?post=3924"}],"version-history":[{"count":11,"href":"https:\/\/loredana.mx\/es_es\/wp-json\/wp\/v2\/pages\/3924\/revisions"}],"predecessor-version":[{"id":4671,"href":"https:\/\/loredana.mx\/es_es\/wp-json\/wp\/v2\/pages\/3924\/revisions\/4671"}],"wp:attachment":[{"href":"https:\/\/loredana.mx\/es_es\/wp-json\/wp\/v2\/media?parent=3924"}],"curies":[{"name":"wp","href":"https:\/\/api.w.org\/{rel}","templated":true}]}}