{"id":2594,"date":"2021-06-13T17:11:23","date_gmt":"2021-06-13T17:11:23","guid":{"rendered":"https:\/\/firstsight.design\/levre\/organic\/?page_id=2594"},"modified":"2024-09-20T00:02:43","modified_gmt":"2024-09-20T00:02:43","slug":"politica-de-privacidad","status":"publish","type":"page","link":"https:\/\/loredana.mx\/es_es\/politica-de-privacidad\/","title":{"rendered":"Pol\u00edtica de privacidad"},"content":{"rendered":"\t\t<div data-elementor-type=\"wp-page\" data-elementor-id=\"2594\" class=\"elementor elementor-2594\">\n\t\t\t\t\t\t<section class=\"elementor-section elementor-top-section elementor-element elementor-element-a8c526f elementor-section-height-min-height elementor-section-boxed elementor-section-height-default elementor-section-items-middle\" data-id=\"a8c526f\" data-element_type=\"section\" data-settings=\"{&quot;background_background&quot;:&quot;classic&quot;}\">\n\t\t\t\t\t\t<div class=\"elementor-container elementor-column-gap-extended\">\n\t\t\t\t\t<div class=\"elementor-column elementor-col-100 elementor-top-column elementor-element elementor-element-ea50443\" data-id=\"ea50443\" data-element_type=\"column\">\n\t\t\t<div class=\"elementor-widget-wrap elementor-element-populated\">\n\t\t\t\t\t\t<div class=\"elementor-element elementor-element-3152c8e elementor-widget elementor-widget-heading\" data-id=\"3152c8e\" data-element_type=\"widget\" data-widget_type=\"heading.default\">\n\t\t\t\t<div class=\"elementor-widget-container\">\n\t\t\t<style>\/*! elementor - v3.21.0 - 26-05-2024 *\/\n.elementor-heading-title{padding:0;margin:0;line-height:1}.elementor-widget-heading .elementor-heading-title[class*=elementor-size-]>a{color:inherit;font-size:inherit;line-height:inherit}.elementor-widget-heading .elementor-heading-title.elementor-size-small{font-size:15px}.elementor-widget-heading .elementor-heading-title.elementor-size-medium{font-size:19px}.elementor-widget-heading .elementor-heading-title.elementor-size-large{font-size:29px}.elementor-widget-heading .elementor-heading-title.elementor-size-xl{font-size:39px}.elementor-widget-heading .elementor-heading-title.elementor-size-xxl{font-size:59px}<\/style><h1 class=\"elementor-heading-title elementor-size-default\">Pol\u00edtica de privacidad<\/h1>\t\t<\/div>\n\t\t\t\t<\/div>\n\t\t\t\t\t<\/div>\n\t\t<\/div>\n\t\t\t\t\t<\/div>\n\t\t<\/section>\n\t\t        \t\t<section class=\"elementor-section elementor-top-section elementor-element elementor-element-edcbe85 elementor-section-boxed elementor-section-height-default elementor-section-height-default\" data-id=\"edcbe85\" data-element_type=\"section\">\n\t\t\t\t\t\t<div class=\"elementor-container elementor-column-gap-extended\">\n\t\t\t\t\t<div class=\"elementor-column elementor-col-100 elementor-top-column elementor-element elementor-element-fcc737c\" data-id=\"fcc737c\" data-element_type=\"column\">\n\t\t\t<div class=\"elementor-widget-wrap elementor-element-populated\">\n\t\t\t\t\t\t<div class=\"elementor-element elementor-element-0453e82 elementor-widget elementor-widget-heading\" data-id=\"0453e82\" data-element_type=\"widget\" data-widget_type=\"heading.default\">\n\t\t\t\t<div class=\"elementor-widget-container\">\n\t\t\t<h3 class=\"elementor-heading-title elementor-size-default\">Aviso de privacidad<\/h3>\t\t<\/div>\n\t\t\t\t<\/div>\n\t\t\t\t<div class=\"elementor-element elementor-element-da20c84 elementor-widget__width-initial elementor-widget elementor-widget-text-editor\" data-id=\"da20c84\" data-element_type=\"widget\" data-widget_type=\"text-editor.default\">\n\t\t\t\t<div class=\"elementor-widget-container\">\n\t\t\t<style>\/*! elementor - v3.21.0 - 26-05-2024 *\/\n.elementor-widget-text-editor.elementor-drop-cap-view-stacked .elementor-drop-cap{background-color:#69727d;color:#fff}.elementor-widget-text-editor.elementor-drop-cap-view-framed .elementor-drop-cap{color:#69727d;border:3px solid;background-color:transparent}.elementor-widget-text-editor:not(.elementor-drop-cap-view-default) .elementor-drop-cap{margin-top:8px}.elementor-widget-text-editor:not(.elementor-drop-cap-view-default) .elementor-drop-cap-letter{width:1em;height:1em}.elementor-widget-text-editor .elementor-drop-cap{float:left;text-align:center;line-height:1;font-size:50px}.elementor-widget-text-editor .elementor-drop-cap-letter{display:inline-block}<\/style>\t\t\t\t<p style=\"text-align: justify\"><strong>AVISO DE PRIVACIDAD<\/strong><\/p>\n<p style=\"text-align: left\">En GRUPO KAZAZA SA DE CV en adelante \u201cla marca\u201d con domicilio en Juan Escutia #45, interior 1, Colonia Condesa, Cuauht\u00e9moc, C.P. 06140 Ciudad de M\u00e9xico, CDMX, estamos comprometidos con salvaguardar la privacidad de sus datos personales y mantener una relaci\u00f3n estrecha y activa con nuestros consumidores y posibles consumidores por eso adem\u00e1s de este Aviso, aplicamos nuestra Pol\u00edtica de Privacidad y te invitamos a conocerla.<\/p>\n<p style=\"text-align: justify\">Los datos personales de nuestros consumidores y posibles consumidores, son tratados de forma estrictamente privada y confidencial, por lo que la obtenci\u00f3n, tratamiento, transferencia y ejercicio de los derechos derivados de dichos datos personales, se hace mediante un uso adecuado, leg\u00edtimo y l\u00edcito, salvaguardando permanentemente los principios de licitud, consentimiento, calidad, informaci\u00f3n, proporcionalidad, responsabilidad, lealtad y finalidad, de conformidad con lo dispuesto por la Ley Federal de Protecci\u00f3n de Datos Personales en Posesi\u00f3n de los Particulares, su Reglamento y disposiciones secundarias.<\/p>\n<p style=\"text-align: justify\">A continuaci\u00f3n, se\u00f1alamos expresa y limitativamente los datos que podremos recabar de usted como consumidor y posible consumidor:<\/p>\n<p style=\"text-align: justify\">Datos Personales de identificaci\u00f3n y contacto:<\/p>\n<ul style=\"text-align: left\">\n<li>\u2022 Nombre, apellido paterno y materno, edad, fecha de nacimiento, domicilio, c\u00f3digo postal, n\u00famero telef\u00f3nico, n\u00famero celular y correo electr\u00f3nico.<\/li>\n<\/ul>\n<p style=\"text-align: justify\">Los cuales podr\u00e1n ser utilizados para dar cumplimiento a la relaci\u00f3n jur\u00eddica establecida con el usuario derivado de la adquisici\u00f3n de alguno de nuestros productos, para atender quejas o recomendaciones respecto del uso y aplicaci\u00f3n de los productos, de manera adicional se podr\u00e1 tratar sus datos personales para las siguientes finalidades mercadotecnia, publicidad, prospecci\u00f3n comercial, evaluaci\u00f3n de nuestros productos y servicios relacionados para fines comerciales.<\/p>\n<p style=\"text-align: justify\">La negativa otorgada para el tratamiento de sus datos personales de manera adicional no podr\u00e1 ser un motivo para que le neguemos los productos o servicios derivados de la adquisici\u00f3n de los productos o servicios que adquiere con nosotros.<\/p>\n<p style=\"text-align: justify\">Derivado de lo anterior, la marca le informa que, en caso de que usted no desee que sus datos personales sean tratados para las finalidades adicionales que se precisan en el presente documento, le solicitamos nos env\u00ede un correo electr\u00f3nico a la direcci\u00f3n de correo electr\u00f3nico&nbsp;<a href=\"mailto:contacto@loredana.mx\">contacto@loredana.mx<\/a>, a efecto de que nuestro \u201cOficial de Protecci\u00f3n de Datos Personales\u201d documente dicha situaci\u00f3n mediante su inscripci\u00f3n en nuestro listado de exclusi\u00f3n denominado \u201cContactos que no desean env\u00edo de publicidad\u201d.<\/p>\n<p style=\"text-align: justify\">Para prevenir el acceso no autorizado a sus datos personales y con el fin de asegurar que la informaci\u00f3n sea utilizada para los fines establecidos en este aviso de privacidad, hemos implementado procedimientos f\u00edsicos, electr\u00f3nicos y administrativos, utilizando tecnolog\u00edas avanzadas que limitan el uso o divulgaci\u00f3n de sus datos, permiti\u00e9ndonos tratarlos debidamente y prohibiendo extraer, de forma no autorizada, cualquier tipo de informaci\u00f3n que contenga datos personales.<\/p>\n<p style=\"text-align: justify\">En todo momento usted podr\u00e1 revocar el consentimiento que nos ha otorgado para el tratamiento de sus datos personales, a fin de que dejemos de hacer uso de los mismos. Sin embargo, es importante que tenga en cuenta que no en todos los casos podremos atender su solicitud o concluir su uso de forma inmediata, ya que es posible que por alguna obligaci\u00f3n legal requiramos seguir tratando sus datos personales. Asimismo, usted deber\u00e1 considerar que para ciertos fines, la revocaci\u00f3n de su consentimiento implicar\u00e1 que no le podamos seguir prestando el servicio que nos solicit\u00f3, o la conclusi\u00f3n de su relaci\u00f3n con nosotros.<\/p>\n<p style=\"text-align: justify\">Si considera que no ha recibido una respuesta o bien la respuesta que se le dio no es satisfactoria, usted tiene el derecho de acudir al Instituto Nacional de Transparencia, Acceso a la Informaci\u00f3n y Protecci\u00f3n de Datos Personales (INAI) a presentar una solicitud de protecci\u00f3n de datos dentro de los quince d\u00edas siguientes a la fecha en que venza el plazo para que se le de respuesta a su solicitud de conformidad con la Ley Federal de Protecci\u00f3n de Datos Personales en Posesi\u00f3n de los Particulares y su Reglamento, as\u00ed como del procedimiento que hemos instaurado para ello, o bien, de la respuesta que hubi\u00e9semos dado a la misma.<\/p>\n<p style=\"text-align: justify\"><strong>USO DE COOKIES, WEB BEACONS U OTRAS TECNOLOG\u00cdAS&nbsp;&nbsp;<\/strong><\/p>\n<p style=\"text-align: left\">LOREDANA PRODUCTOS BOTANICOS, S.A.P.I. DE C.V., le informa que, podr\u00e1 utilizar mecanismos en medios remotos o locales de comunicaci\u00f3n electr\u00f3nica, \u00f3ptica u otra tecnolog\u00eda; tales como cookies y web beacons, que permitan recabar diversos datos de manera autom\u00e1tica y simult\u00e1nea al tiempo que usted como consumidor o posible consumidor hace contacto con los mismos.<\/p>\n<p style=\"text-align: justify\">Los cookies son aquellos archivos de datos que se almacenan en el disco duro del equipo de c\u00f3mputo o del dispositivo de comunicaciones electr\u00f3nicas de un usuario al navegar en un sitio de Internet espec\u00edfico, el cual permite intercambiar informaci\u00f3n de estado entre dicho sitio y el navegador del usuario. La informaci\u00f3n de estado puede revelar en algunos casos medios de identificaci\u00f3n de sesi\u00f3n, autenticaci\u00f3n o preferencias del usuario, as\u00ed como cualquier otro dato almacenado por el navegador respecto del sitio de Internet.<\/p>\n<p style=\"text-align: justify\">Se entiende por web beacons a aquella imagen visible u oculta insertada dentro de un sitio web o correo electr\u00f3nico, que se utiliza para monitorear el comportamiento del usuario en estos medios. A trav\u00e9s de \u00e9stos se puede obtener informaci\u00f3n como la direcci\u00f3n IP de origen, navegador utilizado, sistema operativo, momento en que se accedi\u00f3 a la p\u00e1gina, y en el caso del correo electr\u00f3nico, la asociaci\u00f3n de los datos anteriores con el destinatario.<\/p>\n<p style=\"text-align: justify\">En concreto, la empresa utilizar\u00e1 cookies y web beacons al enviar correos electr\u00f3nicos con informaci\u00f3n relacionada con la Marca, ya que al momento en que usted reciba y, en su caso, lea alguno de nuestros correos, por medio de estas tecnolog\u00edas podremos recabar los siguientes datos:<\/p>\n<ol style=\"text-align: justify\">\n<li>i) Conocer si abri\u00f3 o no el correo electr\u00f3nico que le enviamos y;<\/li>\n<li>ii) Conocer si accedi\u00f3 o no a la(s) liga(s) o URL(s) contenidas en el correo.<\/li>\n<\/ol>\n<p style=\"text-align: justify\">Asimismo, le informamos que los datos que se obtienen a trav\u00e9s de estas tecnolog\u00edas se utilizar\u00e1n exclusivamente para fines estad\u00edsticos y de revisi\u00f3n de resultados, sin que exista la posibilidad de transferirlos a terceros.<\/p>\n<p style=\"text-align: justify\">La mayor\u00eda de los exploradores acepta las cookies autom\u00e1ticamente. Aun as\u00ed, es posible configurar cualquier explorador para evitar que acepte cookies e impedir de este modo que su equipo o dispositivo las almacene. Algunos exploradores cuentan con un modo especial que garantiza la eliminaci\u00f3n de las cookies tras una visita. Consulte el manual de su explorador si desea conocer los pasos exactos que permiten activar el modo correspondiente. Puede eliminar las cookies que se encuentren almacenadas en su equipo o dispositivo en cualquier momento.<\/p>\n<p style=\"text-align: justify\"><span style=\"font-family: var(--text-font);color: var( --e-global-color-text );background-color: var(--white-color)\"><b>AVISO DE RESPONSABILIDAD:<\/b><\/span><\/p>\n<p style=\"text-align: justify\"><span style=\"font-family: var(--text-font);color: var( --e-global-color-text );background-color: var(--white-color)\">Cuando nos referimos a \u00ablibre de qu\u00edmicos\u00bb, esto significa que evitamos el uso de sustancias perjudiciales para la salud. Aunque nuestras f\u00f3rmulas contienen ciertos compuestos qu\u00edmicos, todos cumplen rigurosamente con los est\u00e1ndares de calidad requeridos para ser seguros tanto para los consumidores como para el medio ambiente. El enfoque se centra en la eliminaci\u00f3n de qu\u00edmicos da\u00f1inos, garantizando que nuestros productos son saludables y sostenibles.<\/span><\/p>\n<p style=\"text-align: justify\"><strong>MODIFICACIONES Y CAMBIOS AL AVISO DE PRIVACIDAD&nbsp;&nbsp;<\/strong><\/p>\n<p style=\"text-align: justify\">Este aviso de privacidad podr\u00e1 ser modificado o actualizado de tiempo en tiempo por GRUPO KAZAZA SA DE CV&nbsp;<strong style=\"font-family: var(--text-font);text-align: left;color: var( --e-global-color-text );background-color: var(--white-color)\">Fecha de \u00faltima modificaci\u00f3n: 05 de marzo de 2021<\/strong><\/p>\t\t\t\t\t\t<\/div>\n\t\t\t\t<\/div>\n\t\t\t\t\t<\/div>\n\t\t<\/div>\n\t\t\t\t\t<\/div>\n\t\t<\/section>\n\t\t        \t\t<\/div>\n\t\t","protected":false},"excerpt":{"rendered":"<p>Pol\u00edtica de privacidad Aviso de privacidad AVISO DE PRIVACIDAD En GRUPO KAZAZA SA DE CV en adelante \u201cla marca\u201d con domicilio en Juan Escutia #45, interior 1, Colonia Condesa, Cuauht\u00e9moc, C.P. 06140 Ciudad de M\u00e9xico, CDMX, estamos comprometidos con salvaguardar la privacidad de sus datos personales y mantener una relaci\u00f3n estrecha y activa con nuestros [&hellip;]<\/p>\n","protected":false},"author":1,"featured_media":0,"parent":0,"menu_order":0,"comment_status":"closed","ping_status":"closed","template":"","meta":{"_joinchat":[],"footnotes":""},"class_list":["post-2594","page","type-page","status-publish","hentry"],"acf":[],"yoast_head":"<!-- This site is optimized with the Yoast SEO plugin v25.6 - https:\/\/yoast.com\/wordpress\/plugins\/seo\/ -->\n<title>Pol\u00edtica de privacidad - Loredana<\/title>\n<meta name=\"robots\" content=\"index, follow, max-snippet:-1, max-image-preview:large, max-video-preview:-1\" \/>\n<link rel=\"canonical\" href=\"https:\/\/loredana.mx\/es_es\/politica-de-privacidad\/\" \/>\n<meta property=\"og:locale\" content=\"es_ES\" \/>\n<meta property=\"og:type\" content=\"article\" \/>\n<meta property=\"og:title\" content=\"Pol\u00edtica de privacidad - Loredana\" \/>\n<meta property=\"og:description\" content=\"Pol\u00edtica de privacidad Aviso de privacidad AVISO DE PRIVACIDAD En GRUPO KAZAZA SA DE CV en adelante \u201cla marca\u201d con domicilio en Juan Escutia #45, interior 1, Colonia Condesa, Cuauht\u00e9moc, C.P. 06140 Ciudad de M\u00e9xico, CDMX, estamos comprometidos con salvaguardar la privacidad de sus datos personales y mantener una relaci\u00f3n estrecha y activa con nuestros [&hellip;]\" \/>\n<meta property=\"og:url\" content=\"https:\/\/loredana.mx\/es_es\/politica-de-privacidad\/\" \/>\n<meta property=\"og:site_name\" content=\"Loredana\" \/>\n<meta property=\"article:modified_time\" content=\"2024-09-20T00:02:43+00:00\" \/>\n<meta name=\"twitter:card\" content=\"summary_large_image\" \/>\n<meta name=\"twitter:label1\" content=\"Tiempo de lectura\" \/>\n\t<meta name=\"twitter:data1\" content=\"6 minutos\" \/>\n<script type=\"application\/ld+json\" class=\"yoast-schema-graph\">{\"@context\":\"https:\/\/schema.org\",\"@graph\":[{\"@type\":\"WebPage\",\"@id\":\"https:\/\/loredana.mx\/politica-de-privacidad\/\",\"url\":\"https:\/\/loredana.mx\/politica-de-privacidad\/\",\"name\":\"Pol\u00edtica de privacidad - Loredana\",\"isPartOf\":{\"@id\":\"https:\/\/loredana.mx\/es_es\/#website\"},\"datePublished\":\"2021-06-13T17:11:23+00:00\",\"dateModified\":\"2024-09-20T00:02:43+00:00\",\"breadcrumb\":{\"@id\":\"https:\/\/loredana.mx\/politica-de-privacidad\/#breadcrumb\"},\"inLanguage\":\"es\",\"potentialAction\":[{\"@type\":\"ReadAction\",\"target\":[\"https:\/\/loredana.mx\/politica-de-privacidad\/\"]}]},{\"@type\":\"BreadcrumbList\",\"@id\":\"https:\/\/loredana.mx\/politica-de-privacidad\/#breadcrumb\",\"itemListElement\":[{\"@type\":\"ListItem\",\"position\":1,\"name\":\"Portada\",\"item\":\"https:\/\/loredana.mx\/\"},{\"@type\":\"ListItem\",\"position\":2,\"name\":\"Pol\u00edtica de privacidad\"}]},{\"@type\":\"WebSite\",\"@id\":\"https:\/\/loredana.mx\/es_es\/#website\",\"url\":\"https:\/\/loredana.mx\/es_es\/\",\"name\":\"Loredana\",\"description\":\"Amenidades premium para Hotel.\",\"potentialAction\":[{\"@type\":\"SearchAction\",\"target\":{\"@type\":\"EntryPoint\",\"urlTemplate\":\"https:\/\/loredana.mx\/es_es\/?s={search_term_string}\"},\"query-input\":{\"@type\":\"PropertyValueSpecification\",\"valueRequired\":true,\"valueName\":\"search_term_string\"}}],\"inLanguage\":\"es\"}]}<\/script>\n<!-- \/ Yoast SEO plugin. -->","yoast_head_json":{"title":"Pol\u00edtica de privacidad - Loredana","robots":{"index":"index","follow":"follow","max-snippet":"max-snippet:-1","max-image-preview":"max-image-preview:large","max-video-preview":"max-video-preview:-1"},"canonical":"https:\/\/loredana.mx\/es_es\/politica-de-privacidad\/","og_locale":"es_ES","og_type":"article","og_title":"Pol\u00edtica de privacidad - Loredana","og_description":"Pol\u00edtica de privacidad Aviso de privacidad AVISO DE PRIVACIDAD En GRUPO KAZAZA SA DE CV en adelante \u201cla marca\u201d con domicilio en Juan Escutia #45, interior 1, Colonia Condesa, Cuauht\u00e9moc, C.P. 06140 Ciudad de M\u00e9xico, CDMX, estamos comprometidos con salvaguardar la privacidad de sus datos personales y mantener una relaci\u00f3n estrecha y activa con nuestros [&hellip;]","og_url":"https:\/\/loredana.mx\/es_es\/politica-de-privacidad\/","og_site_name":"Loredana","article_modified_time":"2024-09-20T00:02:43+00:00","twitter_card":"summary_large_image","twitter_misc":{"Tiempo de lectura":"6 minutos"},"schema":{"@context":"https:\/\/schema.org","@graph":[{"@type":"WebPage","@id":"https:\/\/loredana.mx\/politica-de-privacidad\/","url":"https:\/\/loredana.mx\/politica-de-privacidad\/","name":"Pol\u00edtica de privacidad - Loredana","isPartOf":{"@id":"https:\/\/loredana.mx\/es_es\/#website"},"datePublished":"2021-06-13T17:11:23+00:00","dateModified":"2024-09-20T00:02:43+00:00","breadcrumb":{"@id":"https:\/\/loredana.mx\/politica-de-privacidad\/#breadcrumb"},"inLanguage":"es","potentialAction":[{"@type":"ReadAction","target":["https:\/\/loredana.mx\/politica-de-privacidad\/"]}]},{"@type":"BreadcrumbList","@id":"https:\/\/loredana.mx\/politica-de-privacidad\/#breadcrumb","itemListElement":[{"@type":"ListItem","position":1,"name":"Portada","item":"https:\/\/loredana.mx\/"},{"@type":"ListItem","position":2,"name":"Pol\u00edtica de privacidad"}]},{"@type":"WebSite","@id":"https:\/\/loredana.mx\/es_es\/#website","url":"https:\/\/loredana.mx\/es_es\/","name":"Loredana","description":"Amenidades premium para Hotel.","potentialAction":[{"@type":"SearchAction","target":{"@type":"EntryPoint","urlTemplate":"https:\/\/loredana.mx\/es_es\/?s={search_term_string}"},"query-input":{"@type":"PropertyValueSpecification","valueRequired":true,"valueName":"search_term_string"}}],"inLanguage":"es"}]}},"_links":{"self":[{"href":"https:\/\/loredana.mx\/es_es\/wp-json\/wp\/v2\/pages\/2594"}],"collection":[{"href":"https:\/\/loredana.mx\/es_es\/wp-json\/wp\/v2\/pages"}],"about":[{"href":"https:\/\/loredana.mx\/es_es\/wp-json\/wp\/v2\/types\/page"}],"author":[{"embeddable":true,"href":"https:\/\/loredana.mx\/es_es\/wp-json\/wp\/v2\/users\/1"}],"replies":[{"embeddable":true,"href":"https:\/\/loredana.mx\/es_es\/wp-json\/wp\/v2\/comments?post=2594"}],"version-history":[{"count":20,"href":"https:\/\/loredana.mx\/es_es\/wp-json\/wp\/v2\/pages\/2594\/revisions"}],"predecessor-version":[{"id":5541,"href":"https:\/\/loredana.mx\/es_es\/wp-json\/wp\/v2\/pages\/2594\/revisions\/5541"}],"wp:attachment":[{"href":"https:\/\/loredana.mx\/es_es\/wp-json\/wp\/v2\/media?parent=2594"}],"curies":[{"name":"wp","href":"https:\/\/api.w.org\/{rel}","templated":true}]}}