{"id":7101,"date":"2025-05-27T00:28:30","date_gmt":"2025-05-27T00:28:30","guid":{"rendered":"https:\/\/loredana.mx\/?post_type=product&#038;p=7101"},"modified":"2026-03-12T10:21:54","modified_gmt":"2026-03-12T10:21:54","slug":"jabon-solido","status":"publish","type":"product","link":"https:\/\/loredana.mx\/en\/product\/jabon-solido\/","title":{"rendered":"Jab\u00f3n Solido"},"content":{"rendered":"<h2>JAB\u00d3N S\u00d3LIDO<\/h2>","protected":false},"excerpt":{"rendered":"<p>JAB\u00d3N S\u00d3LIDO DE 100 gr<\/p>","protected":false},"featured_media":7424,"comment_status":"open","ping_status":"closed","template":"","meta":{"_joinchat":[]},"product_brand":[],"product_cat":[186,148,197,174,171,160,146],"product_tag":[173,112,135,172,117],"class_list":{"0":"post-7101","1":"product","2":"type-product","3":"status-publish","4":"has-post-thumbnail","6":"product_cat-almizcle-y-cedro-blanco","7":"product_cat-ambar-negro-y-bergamota","8":"product_cat-cuerpo","9":"product_cat-descuentos-especiales","10":"product_cat-promociones","11":"product_cat-te-blanco-y-jengibre","12":"product_cat-todos-los-productos","13":"product_tag-almizcle-y-cedro-blanco","14":"product_tag-ambar-negro-y-bergamota","15":"product_tag-jabon-solido","16":"product_tag-sandalo-y-cardamomo","17":"product_tag-te-blanco-y-jengibre","19":"first","20":"instock","21":"taxable","22":"shipping-taxable","23":"purchasable","24":"product-type-variable"},"acf":[],"yoast_head":"<!-- This site is optimized with the Yoast SEO plugin v25.6 - https:\/\/yoast.com\/wordpress\/plugins\/seo\/ -->\n<title>Jab\u00f3n Solido - Loredana<\/title>\n<meta name=\"robots\" content=\"index, follow, max-snippet:-1, max-image-preview:large, max-video-preview:-1\" \/>\n<link rel=\"canonical\" href=\"https:\/\/loredana.mx\/en\/product\/jabon-solido\/\" \/>\n<meta property=\"og:locale\" content=\"en_US\" \/>\n<meta property=\"og:type\" content=\"article\" \/>\n<meta property=\"og:title\" content=\"Jab\u00f3n Solido - Loredana\" \/>\n<meta property=\"og:description\" content=\"JAB\u00d3N S\u00d3LIDO DE 100 gr\" \/>\n<meta property=\"og:url\" content=\"https:\/\/loredana.mx\/en\/product\/jabon-solido\/\" \/>\n<meta property=\"og:site_name\" content=\"Loredana\" \/>\n<meta property=\"article:modified_time\" content=\"2026-03-12T10:21:54+00:00\" \/>\n<meta property=\"og:image\" content=\"https:\/\/loredana.mx\/wp-content\/uploads\/2025\/05\/PT-TB-JS.png\" \/>\n\t<meta property=\"og:image:width\" content=\"1060\" \/>\n\t<meta property=\"og:image:height\" content=\"1060\" \/>\n\t<meta property=\"og:image:type\" content=\"image\/png\" \/>\n<meta name=\"twitter:card\" content=\"summary_large_image\" \/>\n<meta name=\"twitter:label1\" content=\"Est. reading time\" \/>\n\t<meta name=\"twitter:data1\" content=\"1 minute\" \/>\n<script type=\"application\/ld+json\" class=\"yoast-schema-graph\">{\"@context\":\"https:\/\/schema.org\",\"@graph\":[{\"@type\":\"WebPage\",\"@id\":\"https:\/\/loredana.mx\/product\/jabon-solido\/\",\"url\":\"https:\/\/loredana.mx\/product\/jabon-solido\/\",\"name\":\"Jab\u00f3n Solido - Loredana\",\"isPartOf\":{\"@id\":\"https:\/\/loredana.mx\/es_es\/#website\"},\"primaryImageOfPage\":{\"@id\":\"https:\/\/loredana.mx\/product\/jabon-solido\/#primaryimage\"},\"image\":{\"@id\":\"https:\/\/loredana.mx\/product\/jabon-solido\/#primaryimage\"},\"thumbnailUrl\":\"https:\/\/loredana.mx\/wp-content\/uploads\/2025\/05\/PT-TB-JS.png\",\"datePublished\":\"2025-05-27T00:28:30+00:00\",\"dateModified\":\"2026-03-12T10:21:54+00:00\",\"breadcrumb\":{\"@id\":\"https:\/\/loredana.mx\/product\/jabon-solido\/#breadcrumb\"},\"inLanguage\":\"en-US\",\"potentialAction\":[{\"@type\":\"ReadAction\",\"target\":[\"https:\/\/loredana.mx\/product\/jabon-solido\/\"]}]},{\"@type\":\"ImageObject\",\"inLanguage\":\"en-US\",\"@id\":\"https:\/\/loredana.mx\/product\/jabon-solido\/#primaryimage\",\"url\":\"https:\/\/loredana.mx\/wp-content\/uploads\/2025\/05\/PT-TB-JS.png\",\"contentUrl\":\"https:\/\/loredana.mx\/wp-content\/uploads\/2025\/05\/PT-TB-JS.png\",\"width\":1060,\"height\":1060},{\"@type\":\"BreadcrumbList\",\"@id\":\"https:\/\/loredana.mx\/product\/jabon-solido\/#breadcrumb\",\"itemListElement\":[{\"@type\":\"ListItem\",\"position\":1,\"name\":\"Portada\",\"item\":\"https:\/\/loredana.mx\/\"},{\"@type\":\"ListItem\",\"position\":2,\"name\":\"Shop\",\"item\":\"https:\/\/loredana.mx\/shop\/\"},{\"@type\":\"ListItem\",\"position\":3,\"name\":\"Jab\u00f3n Solido\"}]},{\"@type\":\"WebSite\",\"@id\":\"https:\/\/loredana.mx\/es_es\/#website\",\"url\":\"https:\/\/loredana.mx\/es_es\/\",\"name\":\"Loredana\",\"description\":\"Amenidades premium para Hotel.\",\"potentialAction\":[{\"@type\":\"SearchAction\",\"target\":{\"@type\":\"EntryPoint\",\"urlTemplate\":\"https:\/\/loredana.mx\/es_es\/?s={search_term_string}\"},\"query-input\":{\"@type\":\"PropertyValueSpecification\",\"valueRequired\":true,\"valueName\":\"search_term_string\"}}],\"inLanguage\":\"en-US\"}]}<\/script>\n<!-- \/ Yoast SEO plugin. -->","yoast_head_json":{"title":"Jab\u00f3n Solido - Loredana","robots":{"index":"index","follow":"follow","max-snippet":"max-snippet:-1","max-image-preview":"max-image-preview:large","max-video-preview":"max-video-preview:-1"},"canonical":"https:\/\/loredana.mx\/en\/product\/jabon-solido\/","og_locale":"en_US","og_type":"article","og_title":"Jab\u00f3n Solido - Loredana","og_description":"JAB\u00d3N S\u00d3LIDO DE 100 gr","og_url":"https:\/\/loredana.mx\/en\/product\/jabon-solido\/","og_site_name":"Loredana","article_modified_time":"2026-03-12T10:21:54+00:00","og_image":[{"width":1060,"height":1060,"url":"https:\/\/loredana.mx\/wp-content\/uploads\/2025\/05\/PT-TB-JS.png","type":"image\/png"}],"twitter_card":"summary_large_image","twitter_misc":{"Est. reading time":"1 minute"},"schema":{"@context":"https:\/\/schema.org","@graph":[{"@type":"WebPage","@id":"https:\/\/loredana.mx\/product\/jabon-solido\/","url":"https:\/\/loredana.mx\/product\/jabon-solido\/","name":"Jab\u00f3n Solido - Loredana","isPartOf":{"@id":"https:\/\/loredana.mx\/es_es\/#website"},"primaryImageOfPage":{"@id":"https:\/\/loredana.mx\/product\/jabon-solido\/#primaryimage"},"image":{"@id":"https:\/\/loredana.mx\/product\/jabon-solido\/#primaryimage"},"thumbnailUrl":"https:\/\/loredana.mx\/wp-content\/uploads\/2025\/05\/PT-TB-JS.png","datePublished":"2025-05-27T00:28:30+00:00","dateModified":"2026-03-12T10:21:54+00:00","breadcrumb":{"@id":"https:\/\/loredana.mx\/product\/jabon-solido\/#breadcrumb"},"inLanguage":"en-US","potentialAction":[{"@type":"ReadAction","target":["https:\/\/loredana.mx\/product\/jabon-solido\/"]}]},{"@type":"ImageObject","inLanguage":"en-US","@id":"https:\/\/loredana.mx\/product\/jabon-solido\/#primaryimage","url":"https:\/\/loredana.mx\/wp-content\/uploads\/2025\/05\/PT-TB-JS.png","contentUrl":"https:\/\/loredana.mx\/wp-content\/uploads\/2025\/05\/PT-TB-JS.png","width":1060,"height":1060},{"@type":"BreadcrumbList","@id":"https:\/\/loredana.mx\/product\/jabon-solido\/#breadcrumb","itemListElement":[{"@type":"ListItem","position":1,"name":"Portada","item":"https:\/\/loredana.mx\/"},{"@type":"ListItem","position":2,"name":"Shop","item":"https:\/\/loredana.mx\/shop\/"},{"@type":"ListItem","position":3,"name":"Jab\u00f3n Solido"}]},{"@type":"WebSite","@id":"https:\/\/loredana.mx\/es_es\/#website","url":"https:\/\/loredana.mx\/es_es\/","name":"Loredana","description":"Amenidades premium para Hotel.","potentialAction":[{"@type":"SearchAction","target":{"@type":"EntryPoint","urlTemplate":"https:\/\/loredana.mx\/es_es\/?s={search_term_string}"},"query-input":{"@type":"PropertyValueSpecification","valueRequired":true,"valueName":"search_term_string"}}],"inLanguage":"en-US"}]}},"_links":{"self":[{"href":"https:\/\/loredana.mx\/en\/wp-json\/wp\/v2\/product\/7101"}],"collection":[{"href":"https:\/\/loredana.mx\/en\/wp-json\/wp\/v2\/product"}],"about":[{"href":"https:\/\/loredana.mx\/en\/wp-json\/wp\/v2\/types\/product"}],"replies":[{"embeddable":true,"href":"https:\/\/loredana.mx\/en\/wp-json\/wp\/v2\/comments?post=7101"}],"wp:featuredmedia":[{"embeddable":true,"href":"https:\/\/loredana.mx\/en\/wp-json\/wp\/v2\/media\/7424"}],"wp:attachment":[{"href":"https:\/\/loredana.mx\/en\/wp-json\/wp\/v2\/media?parent=7101"}],"wp:term":[{"taxonomy":"product_brand","embeddable":true,"href":"https:\/\/loredana.mx\/en\/wp-json\/wp\/v2\/product_brand?post=7101"},{"taxonomy":"product_cat","embeddable":true,"href":"https:\/\/loredana.mx\/en\/wp-json\/wp\/v2\/product_cat?post=7101"},{"taxonomy":"product_tag","embeddable":true,"href":"https:\/\/loredana.mx\/en\/wp-json\/wp\/v2\/product_tag?post=7101"}],"curies":[{"name":"wp","href":"https:\/\/api.w.org\/{rel}","templated":true}]}}