{"id":6986,"date":"2025-05-21T04:44:36","date_gmt":"2025-05-21T04:44:36","guid":{"rendered":"https:\/\/loredana.mx\/?post_type=product&#038;p=6986"},"modified":"2026-03-30T19:05:18","modified_gmt":"2026-03-30T19:05:18","slug":"set-de-bano-plastico","status":"publish","type":"product","link":"https:\/\/loredana.mx\/en\/product\/set-de-bano-plastico\/","title":{"rendered":"Set de Ba\u00f1o Pl\u00e1stico"},"content":{"rendered":"<p>Contenido:<\/p>\n<p>Jab\u00f3n Liquido de Pl\u00e1stico 250 ml<\/p>\n<p>Crema Corporal de Pl\u00e1stico 250 ml<\/p>\n<p>Difusor de palillos de Bamb\u00fa 125 ml<\/p>","protected":false},"excerpt":{"rendered":"<p>Kit de Ba\u00f1o que inlcuye Jab\u00f3n Liquido, Crema Corporal y Difusor.<\/p>\n<p>Especial para el ba\u00f1o de visitas, y perfecto para regalar<\/p>","protected":false},"featured_media":7086,"comment_status":"open","ping_status":"closed","template":"","meta":{"_joinchat":[]},"product_brand":[],"product_cat":[186,174,189],"product_tag":[173,112,175,172,177,117],"class_list":{"0":"post-6986","1":"product","2":"type-product","3":"status-publish","4":"has-post-thumbnail","6":"product_cat-almizcle-y-cedro-blanco","7":"product_cat-descuentos-especiales","8":"product_cat-kits-y-sets","9":"product_tag-almizcle-y-cedro-blanco","10":"product_tag-ambar-negro-y-bergamota","11":"product_tag-kit","12":"product_tag-sandalo-y-cardamomo","13":"product_tag-set","14":"product_tag-te-blanco-y-jengibre","16":"first","17":"instock","18":"taxable","19":"shipping-taxable","20":"purchasable","21":"product-type-variable"},"acf":[],"yoast_head":"<!-- This site is optimized with the Yoast SEO plugin v25.6 - https:\/\/yoast.com\/wordpress\/plugins\/seo\/ -->\n<title>Set de Ba\u00f1o Pl\u00e1stico - Loredana<\/title>\n<meta name=\"robots\" content=\"index, follow, max-snippet:-1, max-image-preview:large, max-video-preview:-1\" \/>\n<link rel=\"canonical\" href=\"https:\/\/loredana.mx\/en\/product\/set-de-bano-plastico\/\" \/>\n<meta property=\"og:locale\" content=\"en_US\" \/>\n<meta property=\"og:type\" content=\"article\" \/>\n<meta property=\"og:title\" content=\"Set de Ba\u00f1o Pl\u00e1stico - Loredana\" \/>\n<meta property=\"og:description\" content=\"Kit de Ba\u00f1o que inlcuye Jab\u00f3n Liquido, Crema Corporal y Difusor.  Especial para el ba\u00f1o de visitas, y perfecto para regalar\" \/>\n<meta property=\"og:url\" content=\"https:\/\/loredana.mx\/en\/product\/set-de-bano-plastico\/\" \/>\n<meta property=\"og:site_name\" content=\"Loredana\" \/>\n<meta property=\"article:modified_time\" content=\"2026-03-30T19:05:18+00:00\" \/>\n<meta property=\"og:image\" content=\"https:\/\/loredana.mx\/wp-content\/uploads\/2025\/05\/JL-CC-D-250P-scaled.jpg\" \/>\n\t<meta property=\"og:image:width\" content=\"1920\" \/>\n\t<meta property=\"og:image:height\" content=\"2560\" \/>\n\t<meta property=\"og:image:type\" content=\"image\/jpeg\" \/>\n<meta name=\"twitter:card\" content=\"summary_large_image\" \/>\n<meta name=\"twitter:label1\" content=\"Est. reading time\" \/>\n\t<meta name=\"twitter:data1\" content=\"1 minute\" \/>\n<script type=\"application\/ld+json\" class=\"yoast-schema-graph\">{\"@context\":\"https:\/\/schema.org\",\"@graph\":[{\"@type\":\"WebPage\",\"@id\":\"https:\/\/loredana.mx\/product\/set-de-bano-plastico\/\",\"url\":\"https:\/\/loredana.mx\/product\/set-de-bano-plastico\/\",\"name\":\"Set de Ba\u00f1o Pl\u00e1stico - Loredana\",\"isPartOf\":{\"@id\":\"https:\/\/loredana.mx\/es_es\/#website\"},\"primaryImageOfPage\":{\"@id\":\"https:\/\/loredana.mx\/product\/set-de-bano-plastico\/#primaryimage\"},\"image\":{\"@id\":\"https:\/\/loredana.mx\/product\/set-de-bano-plastico\/#primaryimage\"},\"thumbnailUrl\":\"https:\/\/loredana.mx\/wp-content\/uploads\/2025\/05\/JL-CC-D-250P-scaled.jpg\",\"datePublished\":\"2025-05-21T04:44:36+00:00\",\"dateModified\":\"2026-03-30T19:05:18+00:00\",\"breadcrumb\":{\"@id\":\"https:\/\/loredana.mx\/product\/set-de-bano-plastico\/#breadcrumb\"},\"inLanguage\":\"en-US\",\"potentialAction\":[{\"@type\":\"ReadAction\",\"target\":[\"https:\/\/loredana.mx\/product\/set-de-bano-plastico\/\"]}]},{\"@type\":\"ImageObject\",\"inLanguage\":\"en-US\",\"@id\":\"https:\/\/loredana.mx\/product\/set-de-bano-plastico\/#primaryimage\",\"url\":\"https:\/\/loredana.mx\/wp-content\/uploads\/2025\/05\/JL-CC-D-250P-scaled.jpg\",\"contentUrl\":\"https:\/\/loredana.mx\/wp-content\/uploads\/2025\/05\/JL-CC-D-250P-scaled.jpg\",\"width\":1920,\"height\":2560},{\"@type\":\"BreadcrumbList\",\"@id\":\"https:\/\/loredana.mx\/product\/set-de-bano-plastico\/#breadcrumb\",\"itemListElement\":[{\"@type\":\"ListItem\",\"position\":1,\"name\":\"Portada\",\"item\":\"https:\/\/loredana.mx\/\"},{\"@type\":\"ListItem\",\"position\":2,\"name\":\"Shop\",\"item\":\"https:\/\/loredana.mx\/shop\/\"},{\"@type\":\"ListItem\",\"position\":3,\"name\":\"Set de Ba\u00f1o Pl\u00e1stico\"}]},{\"@type\":\"WebSite\",\"@id\":\"https:\/\/loredana.mx\/es_es\/#website\",\"url\":\"https:\/\/loredana.mx\/es_es\/\",\"name\":\"Loredana\",\"description\":\"Amenidades premium para Hotel.\",\"potentialAction\":[{\"@type\":\"SearchAction\",\"target\":{\"@type\":\"EntryPoint\",\"urlTemplate\":\"https:\/\/loredana.mx\/es_es\/?s={search_term_string}\"},\"query-input\":{\"@type\":\"PropertyValueSpecification\",\"valueRequired\":true,\"valueName\":\"search_term_string\"}}],\"inLanguage\":\"en-US\"}]}<\/script>\n<!-- \/ Yoast SEO plugin. -->","yoast_head_json":{"title":"Set de Ba\u00f1o Pl\u00e1stico - Loredana","robots":{"index":"index","follow":"follow","max-snippet":"max-snippet:-1","max-image-preview":"max-image-preview:large","max-video-preview":"max-video-preview:-1"},"canonical":"https:\/\/loredana.mx\/en\/product\/set-de-bano-plastico\/","og_locale":"en_US","og_type":"article","og_title":"Set de Ba\u00f1o Pl\u00e1stico - Loredana","og_description":"Kit de Ba\u00f1o que inlcuye Jab\u00f3n Liquido, Crema Corporal y Difusor.  Especial para el ba\u00f1o de visitas, y perfecto para regalar","og_url":"https:\/\/loredana.mx\/en\/product\/set-de-bano-plastico\/","og_site_name":"Loredana","article_modified_time":"2026-03-30T19:05:18+00:00","og_image":[{"width":1920,"height":2560,"url":"https:\/\/loredana.mx\/wp-content\/uploads\/2025\/05\/JL-CC-D-250P-scaled.jpg","type":"image\/jpeg"}],"twitter_card":"summary_large_image","twitter_misc":{"Est. reading time":"1 minute"},"schema":{"@context":"https:\/\/schema.org","@graph":[{"@type":"WebPage","@id":"https:\/\/loredana.mx\/product\/set-de-bano-plastico\/","url":"https:\/\/loredana.mx\/product\/set-de-bano-plastico\/","name":"Set de Ba\u00f1o Pl\u00e1stico - Loredana","isPartOf":{"@id":"https:\/\/loredana.mx\/es_es\/#website"},"primaryImageOfPage":{"@id":"https:\/\/loredana.mx\/product\/set-de-bano-plastico\/#primaryimage"},"image":{"@id":"https:\/\/loredana.mx\/product\/set-de-bano-plastico\/#primaryimage"},"thumbnailUrl":"https:\/\/loredana.mx\/wp-content\/uploads\/2025\/05\/JL-CC-D-250P-scaled.jpg","datePublished":"2025-05-21T04:44:36+00:00","dateModified":"2026-03-30T19:05:18+00:00","breadcrumb":{"@id":"https:\/\/loredana.mx\/product\/set-de-bano-plastico\/#breadcrumb"},"inLanguage":"en-US","potentialAction":[{"@type":"ReadAction","target":["https:\/\/loredana.mx\/product\/set-de-bano-plastico\/"]}]},{"@type":"ImageObject","inLanguage":"en-US","@id":"https:\/\/loredana.mx\/product\/set-de-bano-plastico\/#primaryimage","url":"https:\/\/loredana.mx\/wp-content\/uploads\/2025\/05\/JL-CC-D-250P-scaled.jpg","contentUrl":"https:\/\/loredana.mx\/wp-content\/uploads\/2025\/05\/JL-CC-D-250P-scaled.jpg","width":1920,"height":2560},{"@type":"BreadcrumbList","@id":"https:\/\/loredana.mx\/product\/set-de-bano-plastico\/#breadcrumb","itemListElement":[{"@type":"ListItem","position":1,"name":"Portada","item":"https:\/\/loredana.mx\/"},{"@type":"ListItem","position":2,"name":"Shop","item":"https:\/\/loredana.mx\/shop\/"},{"@type":"ListItem","position":3,"name":"Set de Ba\u00f1o Pl\u00e1stico"}]},{"@type":"WebSite","@id":"https:\/\/loredana.mx\/es_es\/#website","url":"https:\/\/loredana.mx\/es_es\/","name":"Loredana","description":"Amenidades premium para Hotel.","potentialAction":[{"@type":"SearchAction","target":{"@type":"EntryPoint","urlTemplate":"https:\/\/loredana.mx\/es_es\/?s={search_term_string}"},"query-input":{"@type":"PropertyValueSpecification","valueRequired":true,"valueName":"search_term_string"}}],"inLanguage":"en-US"}]}},"_links":{"self":[{"href":"https:\/\/loredana.mx\/en\/wp-json\/wp\/v2\/product\/6986"}],"collection":[{"href":"https:\/\/loredana.mx\/en\/wp-json\/wp\/v2\/product"}],"about":[{"href":"https:\/\/loredana.mx\/en\/wp-json\/wp\/v2\/types\/product"}],"replies":[{"embeddable":true,"href":"https:\/\/loredana.mx\/en\/wp-json\/wp\/v2\/comments?post=6986"}],"wp:featuredmedia":[{"embeddable":true,"href":"https:\/\/loredana.mx\/en\/wp-json\/wp\/v2\/media\/7086"}],"wp:attachment":[{"href":"https:\/\/loredana.mx\/en\/wp-json\/wp\/v2\/media?parent=6986"}],"wp:term":[{"taxonomy":"product_brand","embeddable":true,"href":"https:\/\/loredana.mx\/en\/wp-json\/wp\/v2\/product_brand?post=6986"},{"taxonomy":"product_cat","embeddable":true,"href":"https:\/\/loredana.mx\/en\/wp-json\/wp\/v2\/product_cat?post=6986"},{"taxonomy":"product_tag","embeddable":true,"href":"https:\/\/loredana.mx\/en\/wp-json\/wp\/v2\/product_tag?post=6986"}],"curies":[{"name":"wp","href":"https:\/\/api.w.org\/{rel}","templated":true}]}}