{"id":6822,"date":"2025-04-21T14:41:51","date_gmt":"2025-04-21T14:41:51","guid":{"rendered":"https:\/\/loredana.mx\/?post_type=product&#038;p=6822"},"modified":"2026-03-30T19:08:18","modified_gmt":"2026-03-30T19:08:18","slug":"kit-rejuvenecedor","status":"publish","type":"product","link":"https:\/\/loredana.mx\/en\/product\/kit-rejuvenecedor\/","title":{"rendered":"Kit Rejuvenecedor"},"content":{"rendered":"<p>Kit Rejuvenecedor con Mousse de Karit\u00e9, Exfoliante de Az\u00facar y Mini Ox\u00edgeno L\u00edquido, suaviza y revitaliza tu piel<\/p>\n<p>&nbsp;<\/p>\n<p><strong>Contenido:<\/strong><\/p>\n<p><strong>Exfoliante de Az\u00facar Natural<\/strong><\/p>\n<ul>\n<li>Esta hecho de az\u00facar y sal, esto hace que exfolie a profundidad sin resecar la piel.<\/li>\n<li>El az\u00facar contiene \u00e1cido glicolico que elimina capas externas da\u00f1adas de la piel.<\/li>\n<li>Limpia a profundidad, elimina puntos negros, c\u00e9lulas muertas y toxinas en la piel, dejando una apariencia m\u00e1s uniforme.<\/li>\n<li>Adem\u00e1s que act\u00faa como un humectante profundo, por lo cual no reseca la piel y la deja muy suave.<\/li>\n<\/ul>\n<p>&nbsp;<\/p>\n<p><strong>Mousse de Karit\u00e9<\/strong><\/p>\n<ul>\n<li>Ayuda a eliminar estr\u00edas y cicatrices, producidas por el embarazo o p\u00e9rdida de peso.<\/li>\n<li>Es un regenerador celular, lo que hace que suavice, proteja la piel del sol y los radicales libres.<\/li>\n<li>Calma las pieles irritadas.<\/li>\n<li>Contiene vitamina e, aceite de almendras y almid\u00f3n de arroz.<\/li>\n<li>Excelente para despu\u00e9s de tomar el sol.<\/li>\n<\/ul>\n<p>&nbsp;<\/p>\n<p><strong>Mini Ox\u00edgeno Liquido<\/strong><\/p>\n<ul>\n<li>Ayuda a incrementar significativamente los niveles de oxigenaci\u00f3n celular en un 20%<\/li>\n<li>Elimina la irritaci\u00f3n y quemaduras, causadas por exposici\u00f3n solar, heridas,moretones y ulceras varicosas.<\/li>\n<li>Ayuda a mitigar los dolores musculares y articulares.<\/li>\n<li>Es un excelente aliado para la ca\u00edda del cabello y psoriasis.<\/li>\n<li>Es excelente aliado para antes y despu\u00e9s de hacer ejercicio.<\/li>\n<li>Puedes aplicarlo directamente en la piel, incluso encima de tu maquillaje.<\/li>\n<\/ul>","protected":false},"excerpt":{"rendered":"<p>Kit rejuvenecedor con Mousse de Karit\u00e9, Exfoliante de Az\u00facar y Mini Ox\u00edgeno L\u00edquido, suaviza y revitaliza tu piel<\/p>","protected":false},"featured_media":7079,"comment_status":"open","ping_status":"closed","template":"","meta":{"_joinchat":[]},"product_brand":[],"product_cat":[174,189,146],"product_tag":[],"class_list":{"0":"post-6822","1":"product","2":"type-product","3":"status-publish","4":"has-post-thumbnail","6":"product_cat-descuentos-especiales","7":"product_cat-kits-y-sets","8":"product_cat-todos-los-productos","10":"first","11":"instock","12":"taxable","13":"shipping-taxable","14":"purchasable","15":"product-type-simple"},"acf":[],"yoast_head":"<!-- This site is optimized with the Yoast SEO plugin v25.6 - https:\/\/yoast.com\/wordpress\/plugins\/seo\/ -->\n<title>Kit Rejuvenecedor - Loredana<\/title>\n<meta name=\"robots\" content=\"index, follow, max-snippet:-1, max-image-preview:large, max-video-preview:-1\" \/>\n<link rel=\"canonical\" href=\"https:\/\/loredana.mx\/en\/product\/kit-rejuvenecedor\/\" \/>\n<meta property=\"og:locale\" content=\"en_US\" \/>\n<meta property=\"og:type\" content=\"article\" \/>\n<meta property=\"og:title\" content=\"Kit Rejuvenecedor - Loredana\" \/>\n<meta property=\"og:description\" content=\"Kit rejuvenecedor con Mousse de Karit\u00e9, Exfoliante de Az\u00facar y Mini Ox\u00edgeno L\u00edquido, suaviza y revitaliza tu piel\" \/>\n<meta property=\"og:url\" content=\"https:\/\/loredana.mx\/en\/product\/kit-rejuvenecedor\/\" \/>\n<meta property=\"og:site_name\" content=\"Loredana\" \/>\n<meta property=\"article:modified_time\" content=\"2026-03-30T19:08:18+00:00\" \/>\n<meta property=\"og:image\" content=\"https:\/\/loredana.mx\/wp-content\/uploads\/2025\/05\/KIT-REGENERADOR-scaled.jpg\" \/>\n\t<meta property=\"og:image:width\" content=\"1920\" \/>\n\t<meta property=\"og:image:height\" content=\"2560\" \/>\n\t<meta property=\"og:image:type\" content=\"image\/jpeg\" \/>\n<meta name=\"twitter:card\" content=\"summary_large_image\" \/>\n<meta name=\"twitter:label1\" content=\"Est. reading time\" \/>\n\t<meta name=\"twitter:data1\" content=\"2 minutes\" \/>\n<script type=\"application\/ld+json\" class=\"yoast-schema-graph\">{\"@context\":\"https:\/\/schema.org\",\"@graph\":[{\"@type\":\"WebPage\",\"@id\":\"https:\/\/loredana.mx\/product\/kit-rejuvenecedor\/\",\"url\":\"https:\/\/loredana.mx\/product\/kit-rejuvenecedor\/\",\"name\":\"Kit Rejuvenecedor - Loredana\",\"isPartOf\":{\"@id\":\"https:\/\/loredana.mx\/es_es\/#website\"},\"primaryImageOfPage\":{\"@id\":\"https:\/\/loredana.mx\/product\/kit-rejuvenecedor\/#primaryimage\"},\"image\":{\"@id\":\"https:\/\/loredana.mx\/product\/kit-rejuvenecedor\/#primaryimage\"},\"thumbnailUrl\":\"https:\/\/loredana.mx\/wp-content\/uploads\/2025\/05\/KIT-REGENERADOR-scaled.jpg\",\"datePublished\":\"2025-04-21T14:41:51+00:00\",\"dateModified\":\"2026-03-30T19:08:18+00:00\",\"breadcrumb\":{\"@id\":\"https:\/\/loredana.mx\/product\/kit-rejuvenecedor\/#breadcrumb\"},\"inLanguage\":\"en-US\",\"potentialAction\":[{\"@type\":\"ReadAction\",\"target\":[\"https:\/\/loredana.mx\/product\/kit-rejuvenecedor\/\"]}]},{\"@type\":\"ImageObject\",\"inLanguage\":\"en-US\",\"@id\":\"https:\/\/loredana.mx\/product\/kit-rejuvenecedor\/#primaryimage\",\"url\":\"https:\/\/loredana.mx\/wp-content\/uploads\/2025\/05\/KIT-REGENERADOR-scaled.jpg\",\"contentUrl\":\"https:\/\/loredana.mx\/wp-content\/uploads\/2025\/05\/KIT-REGENERADOR-scaled.jpg\",\"width\":1920,\"height\":2560},{\"@type\":\"BreadcrumbList\",\"@id\":\"https:\/\/loredana.mx\/product\/kit-rejuvenecedor\/#breadcrumb\",\"itemListElement\":[{\"@type\":\"ListItem\",\"position\":1,\"name\":\"Portada\",\"item\":\"https:\/\/loredana.mx\/\"},{\"@type\":\"ListItem\",\"position\":2,\"name\":\"Shop\",\"item\":\"https:\/\/loredana.mx\/shop\/\"},{\"@type\":\"ListItem\",\"position\":3,\"name\":\"Kit Rejuvenecedor\"}]},{\"@type\":\"WebSite\",\"@id\":\"https:\/\/loredana.mx\/es_es\/#website\",\"url\":\"https:\/\/loredana.mx\/es_es\/\",\"name\":\"Loredana\",\"description\":\"Amenidades premium para Hotel.\",\"potentialAction\":[{\"@type\":\"SearchAction\",\"target\":{\"@type\":\"EntryPoint\",\"urlTemplate\":\"https:\/\/loredana.mx\/es_es\/?s={search_term_string}\"},\"query-input\":{\"@type\":\"PropertyValueSpecification\",\"valueRequired\":true,\"valueName\":\"search_term_string\"}}],\"inLanguage\":\"en-US\"}]}<\/script>\n<!-- \/ Yoast SEO plugin. -->","yoast_head_json":{"title":"Kit Rejuvenecedor - Loredana","robots":{"index":"index","follow":"follow","max-snippet":"max-snippet:-1","max-image-preview":"max-image-preview:large","max-video-preview":"max-video-preview:-1"},"canonical":"https:\/\/loredana.mx\/en\/product\/kit-rejuvenecedor\/","og_locale":"en_US","og_type":"article","og_title":"Kit Rejuvenecedor - Loredana","og_description":"Kit rejuvenecedor con Mousse de Karit\u00e9, Exfoliante de Az\u00facar y Mini Ox\u00edgeno L\u00edquido, suaviza y revitaliza tu piel","og_url":"https:\/\/loredana.mx\/en\/product\/kit-rejuvenecedor\/","og_site_name":"Loredana","article_modified_time":"2026-03-30T19:08:18+00:00","og_image":[{"width":1920,"height":2560,"url":"https:\/\/loredana.mx\/wp-content\/uploads\/2025\/05\/KIT-REGENERADOR-scaled.jpg","type":"image\/jpeg"}],"twitter_card":"summary_large_image","twitter_misc":{"Est. reading time":"2 minutes"},"schema":{"@context":"https:\/\/schema.org","@graph":[{"@type":"WebPage","@id":"https:\/\/loredana.mx\/product\/kit-rejuvenecedor\/","url":"https:\/\/loredana.mx\/product\/kit-rejuvenecedor\/","name":"Kit Rejuvenecedor - Loredana","isPartOf":{"@id":"https:\/\/loredana.mx\/es_es\/#website"},"primaryImageOfPage":{"@id":"https:\/\/loredana.mx\/product\/kit-rejuvenecedor\/#primaryimage"},"image":{"@id":"https:\/\/loredana.mx\/product\/kit-rejuvenecedor\/#primaryimage"},"thumbnailUrl":"https:\/\/loredana.mx\/wp-content\/uploads\/2025\/05\/KIT-REGENERADOR-scaled.jpg","datePublished":"2025-04-21T14:41:51+00:00","dateModified":"2026-03-30T19:08:18+00:00","breadcrumb":{"@id":"https:\/\/loredana.mx\/product\/kit-rejuvenecedor\/#breadcrumb"},"inLanguage":"en-US","potentialAction":[{"@type":"ReadAction","target":["https:\/\/loredana.mx\/product\/kit-rejuvenecedor\/"]}]},{"@type":"ImageObject","inLanguage":"en-US","@id":"https:\/\/loredana.mx\/product\/kit-rejuvenecedor\/#primaryimage","url":"https:\/\/loredana.mx\/wp-content\/uploads\/2025\/05\/KIT-REGENERADOR-scaled.jpg","contentUrl":"https:\/\/loredana.mx\/wp-content\/uploads\/2025\/05\/KIT-REGENERADOR-scaled.jpg","width":1920,"height":2560},{"@type":"BreadcrumbList","@id":"https:\/\/loredana.mx\/product\/kit-rejuvenecedor\/#breadcrumb","itemListElement":[{"@type":"ListItem","position":1,"name":"Portada","item":"https:\/\/loredana.mx\/"},{"@type":"ListItem","position":2,"name":"Shop","item":"https:\/\/loredana.mx\/shop\/"},{"@type":"ListItem","position":3,"name":"Kit Rejuvenecedor"}]},{"@type":"WebSite","@id":"https:\/\/loredana.mx\/es_es\/#website","url":"https:\/\/loredana.mx\/es_es\/","name":"Loredana","description":"Amenidades premium para Hotel.","potentialAction":[{"@type":"SearchAction","target":{"@type":"EntryPoint","urlTemplate":"https:\/\/loredana.mx\/es_es\/?s={search_term_string}"},"query-input":{"@type":"PropertyValueSpecification","valueRequired":true,"valueName":"search_term_string"}}],"inLanguage":"en-US"}]}},"_links":{"self":[{"href":"https:\/\/loredana.mx\/en\/wp-json\/wp\/v2\/product\/6822"}],"collection":[{"href":"https:\/\/loredana.mx\/en\/wp-json\/wp\/v2\/product"}],"about":[{"href":"https:\/\/loredana.mx\/en\/wp-json\/wp\/v2\/types\/product"}],"replies":[{"embeddable":true,"href":"https:\/\/loredana.mx\/en\/wp-json\/wp\/v2\/comments?post=6822"}],"wp:featuredmedia":[{"embeddable":true,"href":"https:\/\/loredana.mx\/en\/wp-json\/wp\/v2\/media\/7079"}],"wp:attachment":[{"href":"https:\/\/loredana.mx\/en\/wp-json\/wp\/v2\/media?parent=6822"}],"wp:term":[{"taxonomy":"product_brand","embeddable":true,"href":"https:\/\/loredana.mx\/en\/wp-json\/wp\/v2\/product_brand?post=6822"},{"taxonomy":"product_cat","embeddable":true,"href":"https:\/\/loredana.mx\/en\/wp-json\/wp\/v2\/product_cat?post=6822"},{"taxonomy":"product_tag","embeddable":true,"href":"https:\/\/loredana.mx\/en\/wp-json\/wp\/v2\/product_tag?post=6822"}],"curies":[{"name":"wp","href":"https:\/\/api.w.org\/{rel}","templated":true}]}}