{"id":3611,"date":"2023-12-13T20:28:29","date_gmt":"2023-12-13T20:28:29","guid":{"rendered":"https:\/\/loredana.mx\/product\/serum-de-ojos\/"},"modified":"2026-03-27T20:00:28","modified_gmt":"2026-03-27T20:00:28","slug":"serum-de-ojos","status":"publish","type":"product","link":"https:\/\/loredana.mx\/en\/product\/serum-de-ojos\/","title":{"rendered":"Serum de Contorno de Ojos"},"content":{"rendered":"<p>&nbsp;<\/p>\n<ul>\n<li>Rejuvenece la piel, borra l\u00edneas de expresi\u00f3n y arrugas marcadas en el contorno de ojos.<\/li>\n<li>Elimina c\u00e9lulas muertas y estimula el desarrollo de c\u00e9lulas nuevas.<\/li>\n<li>Reduce marcas en la piel e hidrata la piel estirada.<\/li>\n<li>Se puede utilizar tambi\u00e9n en l\u00edneas de expresi\u00f3n marcadas en el rostro.<\/li>\n<li>Humecta la piel, pero al tener una consistencia en gel no es pesada.<\/li>\n<\/ul>\n<p>UTILIZACI\u00d3N<\/p>\n<p>Aplicar una cantidad moderada en el contorno de ojos y dar un peque\u00f1o masaje. Tambi\u00e9n se puede dejar en el refigerador para un efecto mas refrescante.<\/p>\n<p>45ml<\/p>","protected":false},"excerpt":{"rendered":"<p>Tratamiento intensivo de contorno de ojos, hecho de col\u00e1geno, elastina, vitamina e y placenta.<\/p>","protected":false},"featured_media":8554,"comment_status":"open","ping_status":"closed","template":"","meta":{"_joinchat":[]},"product_brand":[],"product_cat":[195,146],"product_tag":[141],"class_list":{"0":"post-3611","1":"product","2":"type-product","3":"status-publish","4":"has-post-thumbnail","6":"product_cat-facial","7":"product_cat-todos-los-productos","8":"product_tag-serum-ojos","10":"first","11":"instock","12":"taxable","13":"shipping-taxable","14":"purchasable","15":"product-type-simple"},"acf":[],"yoast_head":"<!-- This site is optimized with the Yoast SEO plugin v25.6 - https:\/\/yoast.com\/wordpress\/plugins\/seo\/ -->\n<title>Serum de Contorno de Ojos - Loredana<\/title>\n<meta name=\"robots\" content=\"index, follow, max-snippet:-1, max-image-preview:large, max-video-preview:-1\" \/>\n<link rel=\"canonical\" href=\"https:\/\/loredana.mx\/en\/product\/serum-de-ojos\/\" \/>\n<meta property=\"og:locale\" content=\"en_US\" \/>\n<meta property=\"og:type\" content=\"article\" \/>\n<meta property=\"og:title\" content=\"Serum de Contorno de Ojos - Loredana\" \/>\n<meta property=\"og:description\" content=\"Tratamiento intensivo de contorno de ojos, hecho de col\u00e1geno, elastina, vitamina e y placenta.\" \/>\n<meta property=\"og:url\" content=\"https:\/\/loredana.mx\/en\/product\/serum-de-ojos\/\" \/>\n<meta property=\"og:site_name\" content=\"Loredana\" \/>\n<meta property=\"article:modified_time\" content=\"2026-03-27T20:00:28+00:00\" \/>\n<meta property=\"og:image\" content=\"https:\/\/loredana.mx\/wp-content\/uploads\/2024\/08\/SERUM-OJOS-767x1024.png\" \/>\n\t<meta property=\"og:image:width\" content=\"767\" \/>\n\t<meta property=\"og:image:height\" content=\"1024\" \/>\n\t<meta property=\"og:image:type\" content=\"image\/png\" \/>\n<meta name=\"twitter:card\" content=\"summary_large_image\" \/>\n<meta name=\"twitter:label1\" content=\"Est. reading time\" \/>\n\t<meta name=\"twitter:data1\" content=\"1 minute\" \/>\n<script type=\"application\/ld+json\" class=\"yoast-schema-graph\">{\"@context\":\"https:\/\/schema.org\",\"@graph\":[{\"@type\":\"WebPage\",\"@id\":\"https:\/\/loredana.mx\/product\/serum-de-ojos\/\",\"url\":\"https:\/\/loredana.mx\/product\/serum-de-ojos\/\",\"name\":\"Serum de Contorno de Ojos - Loredana\",\"isPartOf\":{\"@id\":\"https:\/\/loredana.mx\/es_es\/#website\"},\"primaryImageOfPage\":{\"@id\":\"https:\/\/loredana.mx\/product\/serum-de-ojos\/#primaryimage\"},\"image\":{\"@id\":\"https:\/\/loredana.mx\/product\/serum-de-ojos\/#primaryimage\"},\"thumbnailUrl\":\"https:\/\/loredana.mx\/wp-content\/uploads\/2024\/08\/SERUM-OJOS.png\",\"datePublished\":\"2023-12-13T20:28:29+00:00\",\"dateModified\":\"2026-03-27T20:00:28+00:00\",\"breadcrumb\":{\"@id\":\"https:\/\/loredana.mx\/product\/serum-de-ojos\/#breadcrumb\"},\"inLanguage\":\"en-US\",\"potentialAction\":[{\"@type\":\"ReadAction\",\"target\":[\"https:\/\/loredana.mx\/product\/serum-de-ojos\/\"]}]},{\"@type\":\"ImageObject\",\"inLanguage\":\"en-US\",\"@id\":\"https:\/\/loredana.mx\/product\/serum-de-ojos\/#primaryimage\",\"url\":\"https:\/\/loredana.mx\/wp-content\/uploads\/2024\/08\/SERUM-OJOS.png\",\"contentUrl\":\"https:\/\/loredana.mx\/wp-content\/uploads\/2024\/08\/SERUM-OJOS.png\",\"width\":1920,\"height\":2562},{\"@type\":\"BreadcrumbList\",\"@id\":\"https:\/\/loredana.mx\/product\/serum-de-ojos\/#breadcrumb\",\"itemListElement\":[{\"@type\":\"ListItem\",\"position\":1,\"name\":\"Portada\",\"item\":\"https:\/\/loredana.mx\/\"},{\"@type\":\"ListItem\",\"position\":2,\"name\":\"Shop\",\"item\":\"https:\/\/loredana.mx\/shop\/\"},{\"@type\":\"ListItem\",\"position\":3,\"name\":\"Serum de Contorno de Ojos\"}]},{\"@type\":\"WebSite\",\"@id\":\"https:\/\/loredana.mx\/es_es\/#website\",\"url\":\"https:\/\/loredana.mx\/es_es\/\",\"name\":\"Loredana\",\"description\":\"Amenidades premium para Hotel.\",\"potentialAction\":[{\"@type\":\"SearchAction\",\"target\":{\"@type\":\"EntryPoint\",\"urlTemplate\":\"https:\/\/loredana.mx\/es_es\/?s={search_term_string}\"},\"query-input\":{\"@type\":\"PropertyValueSpecification\",\"valueRequired\":true,\"valueName\":\"search_term_string\"}}],\"inLanguage\":\"en-US\"}]}<\/script>\n<!-- \/ Yoast SEO plugin. -->","yoast_head_json":{"title":"Serum de Contorno de Ojos - Loredana","robots":{"index":"index","follow":"follow","max-snippet":"max-snippet:-1","max-image-preview":"max-image-preview:large","max-video-preview":"max-video-preview:-1"},"canonical":"https:\/\/loredana.mx\/en\/product\/serum-de-ojos\/","og_locale":"en_US","og_type":"article","og_title":"Serum de Contorno de Ojos - Loredana","og_description":"Tratamiento intensivo de contorno de ojos, hecho de col\u00e1geno, elastina, vitamina e y placenta.","og_url":"https:\/\/loredana.mx\/en\/product\/serum-de-ojos\/","og_site_name":"Loredana","article_modified_time":"2026-03-27T20:00:28+00:00","og_image":[{"width":767,"height":1024,"url":"https:\/\/loredana.mx\/wp-content\/uploads\/2024\/08\/SERUM-OJOS-767x1024.png","type":"image\/png"}],"twitter_card":"summary_large_image","twitter_misc":{"Est. reading time":"1 minute"},"schema":{"@context":"https:\/\/schema.org","@graph":[{"@type":"WebPage","@id":"https:\/\/loredana.mx\/product\/serum-de-ojos\/","url":"https:\/\/loredana.mx\/product\/serum-de-ojos\/","name":"Serum de Contorno de Ojos - Loredana","isPartOf":{"@id":"https:\/\/loredana.mx\/es_es\/#website"},"primaryImageOfPage":{"@id":"https:\/\/loredana.mx\/product\/serum-de-ojos\/#primaryimage"},"image":{"@id":"https:\/\/loredana.mx\/product\/serum-de-ojos\/#primaryimage"},"thumbnailUrl":"https:\/\/loredana.mx\/wp-content\/uploads\/2024\/08\/SERUM-OJOS.png","datePublished":"2023-12-13T20:28:29+00:00","dateModified":"2026-03-27T20:00:28+00:00","breadcrumb":{"@id":"https:\/\/loredana.mx\/product\/serum-de-ojos\/#breadcrumb"},"inLanguage":"en-US","potentialAction":[{"@type":"ReadAction","target":["https:\/\/loredana.mx\/product\/serum-de-ojos\/"]}]},{"@type":"ImageObject","inLanguage":"en-US","@id":"https:\/\/loredana.mx\/product\/serum-de-ojos\/#primaryimage","url":"https:\/\/loredana.mx\/wp-content\/uploads\/2024\/08\/SERUM-OJOS.png","contentUrl":"https:\/\/loredana.mx\/wp-content\/uploads\/2024\/08\/SERUM-OJOS.png","width":1920,"height":2562},{"@type":"BreadcrumbList","@id":"https:\/\/loredana.mx\/product\/serum-de-ojos\/#breadcrumb","itemListElement":[{"@type":"ListItem","position":1,"name":"Portada","item":"https:\/\/loredana.mx\/"},{"@type":"ListItem","position":2,"name":"Shop","item":"https:\/\/loredana.mx\/shop\/"},{"@type":"ListItem","position":3,"name":"Serum de Contorno de Ojos"}]},{"@type":"WebSite","@id":"https:\/\/loredana.mx\/es_es\/#website","url":"https:\/\/loredana.mx\/es_es\/","name":"Loredana","description":"Amenidades premium para Hotel.","potentialAction":[{"@type":"SearchAction","target":{"@type":"EntryPoint","urlTemplate":"https:\/\/loredana.mx\/es_es\/?s={search_term_string}"},"query-input":{"@type":"PropertyValueSpecification","valueRequired":true,"valueName":"search_term_string"}}],"inLanguage":"en-US"}]}},"_links":{"self":[{"href":"https:\/\/loredana.mx\/en\/wp-json\/wp\/v2\/product\/3611"}],"collection":[{"href":"https:\/\/loredana.mx\/en\/wp-json\/wp\/v2\/product"}],"about":[{"href":"https:\/\/loredana.mx\/en\/wp-json\/wp\/v2\/types\/product"}],"replies":[{"embeddable":true,"href":"https:\/\/loredana.mx\/en\/wp-json\/wp\/v2\/comments?post=3611"}],"wp:featuredmedia":[{"embeddable":true,"href":"https:\/\/loredana.mx\/en\/wp-json\/wp\/v2\/media\/8554"}],"wp:attachment":[{"href":"https:\/\/loredana.mx\/en\/wp-json\/wp\/v2\/media?parent=3611"}],"wp:term":[{"taxonomy":"product_brand","embeddable":true,"href":"https:\/\/loredana.mx\/en\/wp-json\/wp\/v2\/product_brand?post=3611"},{"taxonomy":"product_cat","embeddable":true,"href":"https:\/\/loredana.mx\/en\/wp-json\/wp\/v2\/product_cat?post=3611"},{"taxonomy":"product_tag","embeddable":true,"href":"https:\/\/loredana.mx\/en\/wp-json\/wp\/v2\/product_tag?post=3611"}],"curies":[{"name":"wp","href":"https:\/\/api.w.org\/{rel}","templated":true}]}}