{"id":3915,"date":"2024-01-08T21:39:04","date_gmt":"2024-01-08T21:39:04","guid":{"rendered":"https:\/\/loredana.mx\/?page_id=3915"},"modified":"2024-04-11T18:21:52","modified_gmt":"2024-04-11T18:21:52","slug":"politica-de-reembolso","status":"publish","type":"page","link":"https:\/\/loredana.mx\/en\/politica-de-reembolso\/","title":{"rendered":"Pol\u00edtica de reembolso"},"content":{"rendered":"<div data-elementor-type=\"wp-page\" data-elementor-id=\"3915\" class=\"elementor elementor-3915\">\n\t\t\t\t\t\t<section class=\"elementor-section elementor-top-section elementor-element elementor-element-a8c526f elementor-section-height-min-height elementor-section-boxed elementor-section-height-default elementor-section-items-middle\" data-id=\"a8c526f\" data-element_type=\"section\" data-settings=\"{&quot;background_background&quot;:&quot;classic&quot;}\">\n\t\t\t\t\t\t<div class=\"elementor-container elementor-column-gap-extended\">\n\t\t\t\t\t<div class=\"elementor-column elementor-col-100 elementor-top-column elementor-element elementor-element-ea50443\" data-id=\"ea50443\" data-element_type=\"column\">\n\t\t\t<div class=\"elementor-widget-wrap elementor-element-populated\">\n\t\t\t\t\t\t<div class=\"elementor-element elementor-element-3152c8e elementor-widget elementor-widget-heading\" data-id=\"3152c8e\" data-element_type=\"widget\" data-widget_type=\"heading.default\">\n\t\t\t\t<div class=\"elementor-widget-container\">\n\t\t\t<style>\/*! elementor - v3.21.0 - 26-05-2024 *\/\n.elementor-heading-title{padding:0;margin:0;line-height:1}.elementor-widget-heading .elementor-heading-title[class*=elementor-size-]>a{color:inherit;font-size:inherit;line-height:inherit}.elementor-widget-heading .elementor-heading-title.elementor-size-small{font-size:15px}.elementor-widget-heading .elementor-heading-title.elementor-size-medium{font-size:19px}.elementor-widget-heading .elementor-heading-title.elementor-size-large{font-size:29px}.elementor-widget-heading .elementor-heading-title.elementor-size-xl{font-size:39px}.elementor-widget-heading .elementor-heading-title.elementor-size-xxl{font-size:59px}<\/style><h1 class=\"elementor-heading-title elementor-size-default\">Pol\u00edtica de reembolso<br><\/h1>\t\t<\/div>\n\t\t\t\t<\/div>\n\t\t\t\t\t<\/div>\n\t\t<\/div>\n\t\t\t\t\t<\/div>\n\t\t<\/section>\n\t\t        \t\t<section class=\"elementor-section elementor-top-section elementor-element elementor-element-edcbe85 elementor-section-boxed elementor-section-height-default elementor-section-height-default\" data-id=\"edcbe85\" data-element_type=\"section\">\n\t\t\t\t\t\t<div class=\"elementor-container elementor-column-gap-extended\">\n\t\t\t\t\t<div class=\"elementor-column elementor-col-100 elementor-top-column elementor-element elementor-element-fcc737c\" data-id=\"fcc737c\" data-element_type=\"column\">\n\t\t\t<div class=\"elementor-widget-wrap elementor-element-populated\">\n\t\t\t\t\t\t<div class=\"elementor-element elementor-element-0453e82 elementor-widget elementor-widget-heading\" data-id=\"0453e82\" data-element_type=\"widget\" data-widget_type=\"heading.default\">\n\t\t\t\t<div class=\"elementor-widget-container\">\n\t\t\t<h3 class=\"elementor-heading-title elementor-size-default\">Pol\u00edticas de env\u00edo y reembolso<\/h3>\t\t<\/div>\n\t\t\t\t<\/div>\n\t\t\t\t<div class=\"elementor-element elementor-element-da20c84 elementor-widget__width-initial elementor-widget elementor-widget-text-editor\" data-id=\"da20c84\" data-element_type=\"widget\" data-widget_type=\"text-editor.default\">\n\t\t\t\t<div class=\"elementor-widget-container\">\n\t\t\t<style>\/*! elementor - v3.21.0 - 26-05-2024 *\/\n.elementor-widget-text-editor.elementor-drop-cap-view-stacked .elementor-drop-cap{background-color:#69727d;color:#fff}.elementor-widget-text-editor.elementor-drop-cap-view-framed .elementor-drop-cap{color:#69727d;border:3px solid;background-color:transparent}.elementor-widget-text-editor:not(.elementor-drop-cap-view-default) .elementor-drop-cap{margin-top:8px}.elementor-widget-text-editor:not(.elementor-drop-cap-view-default) .elementor-drop-cap-letter{width:1em;height:1em}.elementor-widget-text-editor .elementor-drop-cap{float:left;text-align:center;line-height:1;font-size:50px}.elementor-widget-text-editor .elementor-drop-cap-letter{display:inline-block}<\/style>\t\t\t\t<p style=\"text-align: justify;\">\n<strong>Devoluciones<\/strong>\n<br>\nNuestra p\u00f3liza tiene una duraci\u00f3n de 15 d\u00edas. Si han pasado 15 d\u00edas desde su compra, lamentablemente no podemos ofrecerle un reembolso o cambio. Para ser elegible para una devoluci\u00f3n, su art\u00edculo debe estar sin usar y en las mismas condiciones en que lo recibi\u00f3 en el empaque original. Para completar su devoluci\u00f3n, necesitamos un recibo o comprobante de compra. En caso de ser aplicable, una vez que se reciba e inspeccione su devoluci\u00f3n, le enviaremos un correo electr\u00f3nico para notificarle que hemos recibido su art\u00edculo devuelto. Tambi\u00e9n le notificaremos la aprobaci\u00f3n o el rechazo de su reembolso. Si lo aprueban, se procesar\u00e1 su reembolso y se aplicar\u00e1 un cr\u00e9dito autom\u00e1ticamente a su tarjeta de cr\u00e9dito o m\u00e9todo de pago original, dentro de un plazo no mayor a treinta d\u00edas h\u00e1biles.\nSi a\u00fan no ha recibido un reembolso, primero revise su cuenta bancaria nuevamente. Luego, comun\u00edquese con la compa\u00f1\u00eda de su tarjeta de cr\u00e9dito, puede tomar alg\u00fan tiempo antes de que su reembolso sea publicado oficialmente. Luego comun\u00edquese con su banco. A menudo, hay un tiempo de procesamiento antes de que se publique un reembolso. Si ha hecho todo lo anterior y a\u00fan no ha recibido su reembolso, comun\u00edquese con nosotros al correo electr\u00f3nico: <a href=\"mailto:contacto@loredana.mx\">contacto@loredana.mx<\/a>\n<br>\nSolo se pueden reembolsar los art\u00edculos con precio regular, lamentablemente los art\u00edculos en oferta no son reembolsables.\n<br>\n<strong>\nCambios\n<\/strong>\n<br>\n\nSolo reemplazamos art\u00edculos si est\u00e1n defectuosos o da\u00f1ados. Si necesita cambiarlo por el mismo art\u00edculo, env\u00edenos un correo electr\u00f3nico a <a href=\"mailto:contacto@loredana.mx\">contacto@loredana.mx<\/a>\n\n<strong>\nRegalos<br>\n<\/strong>\n\nSi el art\u00edculo se marc\u00f3 como regalo cuando lo compr\u00f3 y se lo envi\u00f3 directamente, recibir\u00e1 un cr\u00e9dito de regalo por el valor de su devoluci\u00f3n. Una vez que se reciba el art\u00edculo devuelto, se le enviar\u00e1 por correo un certificado de regalo.\n<br>\n<strong>\nEnvios\n<\/strong><br>\n\nPara devolver su producto, deber\u00e1 enviarlo por correo o paqueter\u00eda a la direcci\u00f3n: en Juan Escutia 45 interior 1, Colonia Condesa, Cuauht\u00e9moc, C.P. 06140 Ciudad de M\u00e9xico, CDMX. Usted ser\u00e1 responsable de pagar sus propios costos de env\u00edo para devolver el art\u00edculo. Los gastos de env\u00edo no son reembolsables. Si recibe un reembolso, el costo del env\u00edo de devoluci\u00f3n se deducir\u00e1 de su reembolso. Dependiendo de d\u00f3nde viva, el tiempo que le tome al producto intercambiado llegar a usted puede variar, debe considerar usar un servicio de env\u00edo rastreable o comprar un seguro de env\u00edo.\nNo garantizamos que recibiremos su art\u00edculo devuelto.\n\nLa aduana del pa\u00eds de destino podr\u00e1 imponer el pago de aranceles y tasas aduaneras, derechos de importaci\u00f3n, impuestos y otros grav\u00e1menes en pedidos internacionales, seg\u00fan corresponda. Los impuestos adicionales mencionados anteriormente que se requieran para los controles aduaneros son responsabilidad \u00fanica y exclusive del cliente y del destinatario, usted debe pagar los aranceles y tasas de importaci\u00f3n determinados por la aduana del pa\u00eds de destino.\n<\/p>\t\t\t\t\t\t<\/div>\n\t\t\t\t<\/div>\n\t\t\t\t\t<\/div>\n\t\t<\/div>\n\t\t\t\t\t<\/div>\n\t\t<\/section>\n\t\t        \t\t<\/div>","protected":false},"excerpt":{"rendered":"<p>Pol\u00edtica de reembolso Pol\u00edticas de env\u00edo y reembolso Devoluciones Nuestra p\u00f3liza tiene una duraci\u00f3n de 15 d\u00edas. Si han pasado 15 d\u00edas desde su compra, lamentablemente no podemos ofrecerle un reembolso o cambio. Para ser elegible para una devoluci\u00f3n, su art\u00edculo debe estar sin usar y en las mismas condiciones en que lo recibi\u00f3 en [&hellip;]<\/p>","protected":false},"author":1,"featured_media":0,"parent":0,"menu_order":0,"comment_status":"closed","ping_status":"closed","template":"","meta":{"_joinchat":[],"footnotes":""},"class_list":["post-3915","page","type-page","status-publish","hentry"],"acf":[],"yoast_head":"<!-- This site is optimized with the Yoast SEO plugin v25.6 - https:\/\/yoast.com\/wordpress\/plugins\/seo\/ -->\n<title>Pol\u00edtica de reembolso - Loredana<\/title>\n<meta name=\"robots\" content=\"index, follow, max-snippet:-1, max-image-preview:large, max-video-preview:-1\" \/>\n<link rel=\"canonical\" href=\"https:\/\/loredana.mx\/en\/politica-de-reembolso\/\" \/>\n<meta property=\"og:locale\" content=\"en_US\" \/>\n<meta property=\"og:type\" content=\"article\" \/>\n<meta property=\"og:title\" content=\"Pol\u00edtica de reembolso - Loredana\" \/>\n<meta property=\"og:description\" content=\"Pol\u00edtica de reembolso Pol\u00edticas de env\u00edo y reembolso Devoluciones Nuestra p\u00f3liza tiene una duraci\u00f3n de 15 d\u00edas. Si han pasado 15 d\u00edas desde su compra, lamentablemente no podemos ofrecerle un reembolso o cambio. Para ser elegible para una devoluci\u00f3n, su art\u00edculo debe estar sin usar y en las mismas condiciones en que lo recibi\u00f3 en [&hellip;]\" \/>\n<meta property=\"og:url\" content=\"https:\/\/loredana.mx\/en\/politica-de-reembolso\/\" \/>\n<meta property=\"og:site_name\" content=\"Loredana\" \/>\n<meta property=\"article:modified_time\" content=\"2024-04-11T18:21:52+00:00\" \/>\n<meta name=\"twitter:card\" content=\"summary_large_image\" \/>\n<meta name=\"twitter:label1\" content=\"Est. reading time\" \/>\n\t<meta name=\"twitter:data1\" content=\"3 minutes\" \/>\n<script type=\"application\/ld+json\" class=\"yoast-schema-graph\">{\"@context\":\"https:\/\/schema.org\",\"@graph\":[{\"@type\":\"WebPage\",\"@id\":\"https:\/\/loredana.mx\/politica-de-reembolso\/\",\"url\":\"https:\/\/loredana.mx\/politica-de-reembolso\/\",\"name\":\"Pol\u00edtica de reembolso - Loredana\",\"isPartOf\":{\"@id\":\"https:\/\/loredana.mx\/es_es\/#website\"},\"datePublished\":\"2024-01-08T21:39:04+00:00\",\"dateModified\":\"2024-04-11T18:21:52+00:00\",\"breadcrumb\":{\"@id\":\"https:\/\/loredana.mx\/politica-de-reembolso\/#breadcrumb\"},\"inLanguage\":\"en-US\",\"potentialAction\":[{\"@type\":\"ReadAction\",\"target\":[\"https:\/\/loredana.mx\/politica-de-reembolso\/\"]}]},{\"@type\":\"BreadcrumbList\",\"@id\":\"https:\/\/loredana.mx\/politica-de-reembolso\/#breadcrumb\",\"itemListElement\":[{\"@type\":\"ListItem\",\"position\":1,\"name\":\"Portada\",\"item\":\"https:\/\/loredana.mx\/\"},{\"@type\":\"ListItem\",\"position\":2,\"name\":\"Pol\u00edtica de reembolso\"}]},{\"@type\":\"WebSite\",\"@id\":\"https:\/\/loredana.mx\/es_es\/#website\",\"url\":\"https:\/\/loredana.mx\/es_es\/\",\"name\":\"Loredana\",\"description\":\"Amenidades premium para Hotel.\",\"potentialAction\":[{\"@type\":\"SearchAction\",\"target\":{\"@type\":\"EntryPoint\",\"urlTemplate\":\"https:\/\/loredana.mx\/es_es\/?s={search_term_string}\"},\"query-input\":{\"@type\":\"PropertyValueSpecification\",\"valueRequired\":true,\"valueName\":\"search_term_string\"}}],\"inLanguage\":\"en-US\"}]}<\/script>\n<!-- \/ Yoast SEO plugin. -->","yoast_head_json":{"title":"Pol\u00edtica de reembolso - Loredana","robots":{"index":"index","follow":"follow","max-snippet":"max-snippet:-1","max-image-preview":"max-image-preview:large","max-video-preview":"max-video-preview:-1"},"canonical":"https:\/\/loredana.mx\/en\/politica-de-reembolso\/","og_locale":"en_US","og_type":"article","og_title":"Pol\u00edtica de reembolso - Loredana","og_description":"Pol\u00edtica de reembolso Pol\u00edticas de env\u00edo y reembolso Devoluciones Nuestra p\u00f3liza tiene una duraci\u00f3n de 15 d\u00edas. Si han pasado 15 d\u00edas desde su compra, lamentablemente no podemos ofrecerle un reembolso o cambio. Para ser elegible para una devoluci\u00f3n, su art\u00edculo debe estar sin usar y en las mismas condiciones en que lo recibi\u00f3 en [&hellip;]","og_url":"https:\/\/loredana.mx\/en\/politica-de-reembolso\/","og_site_name":"Loredana","article_modified_time":"2024-04-11T18:21:52+00:00","twitter_card":"summary_large_image","twitter_misc":{"Est. reading time":"3 minutes"},"schema":{"@context":"https:\/\/schema.org","@graph":[{"@type":"WebPage","@id":"https:\/\/loredana.mx\/politica-de-reembolso\/","url":"https:\/\/loredana.mx\/politica-de-reembolso\/","name":"Pol\u00edtica de reembolso - Loredana","isPartOf":{"@id":"https:\/\/loredana.mx\/es_es\/#website"},"datePublished":"2024-01-08T21:39:04+00:00","dateModified":"2024-04-11T18:21:52+00:00","breadcrumb":{"@id":"https:\/\/loredana.mx\/politica-de-reembolso\/#breadcrumb"},"inLanguage":"en-US","potentialAction":[{"@type":"ReadAction","target":["https:\/\/loredana.mx\/politica-de-reembolso\/"]}]},{"@type":"BreadcrumbList","@id":"https:\/\/loredana.mx\/politica-de-reembolso\/#breadcrumb","itemListElement":[{"@type":"ListItem","position":1,"name":"Portada","item":"https:\/\/loredana.mx\/"},{"@type":"ListItem","position":2,"name":"Pol\u00edtica de reembolso"}]},{"@type":"WebSite","@id":"https:\/\/loredana.mx\/es_es\/#website","url":"https:\/\/loredana.mx\/es_es\/","name":"Loredana","description":"Amenidades premium para Hotel.","potentialAction":[{"@type":"SearchAction","target":{"@type":"EntryPoint","urlTemplate":"https:\/\/loredana.mx\/es_es\/?s={search_term_string}"},"query-input":{"@type":"PropertyValueSpecification","valueRequired":true,"valueName":"search_term_string"}}],"inLanguage":"en-US"}]}},"_links":{"self":[{"href":"https:\/\/loredana.mx\/en\/wp-json\/wp\/v2\/pages\/3915"}],"collection":[{"href":"https:\/\/loredana.mx\/en\/wp-json\/wp\/v2\/pages"}],"about":[{"href":"https:\/\/loredana.mx\/en\/wp-json\/wp\/v2\/types\/page"}],"author":[{"embeddable":true,"href":"https:\/\/loredana.mx\/en\/wp-json\/wp\/v2\/users\/1"}],"replies":[{"embeddable":true,"href":"https:\/\/loredana.mx\/en\/wp-json\/wp\/v2\/comments?post=3915"}],"version-history":[{"count":0,"href":"https:\/\/loredana.mx\/en\/wp-json\/wp\/v2\/pages\/3915\/revisions"}],"wp:attachment":[{"href":"https:\/\/loredana.mx\/en\/wp-json\/wp\/v2\/media?parent=3915"}],"curies":[{"name":"wp","href":"https:\/\/api.w.org\/{rel}","templated":true}]}}