{"id":2594,"date":"2021-06-13T17:11:23","date_gmt":"2021-06-13T17:11:23","guid":{"rendered":"https:\/\/firstsight.design\/levre\/organic\/?page_id=2594"},"modified":"2024-09-20T00:02:43","modified_gmt":"2024-09-20T00:02:43","slug":"politica-de-privacidad","status":"publish","type":"page","link":"https:\/\/loredana.mx\/en\/politica-de-privacidad\/","title":{"rendered":"Privacy Policy"},"content":{"rendered":"<div data-elementor-type=\"wp-page\" data-elementor-id=\"2594\" class=\"elementor elementor-2594\">\n\t\t\t\t\t\t<section class=\"elementor-section elementor-top-section elementor-element elementor-element-a8c526f elementor-section-height-min-height elementor-section-boxed elementor-section-height-default elementor-section-items-middle\" data-id=\"a8c526f\" data-element_type=\"section\" data-settings=\"{&quot;background_background&quot;:&quot;classic&quot;}\">\n\t\t\t\t\t\t<div class=\"elementor-container elementor-column-gap-extended\">\n\t\t\t\t\t<div class=\"elementor-column elementor-col-100 elementor-top-column elementor-element elementor-element-ea50443\" data-id=\"ea50443\" data-element_type=\"column\">\n\t\t\t<div class=\"elementor-widget-wrap elementor-element-populated\">\n\t\t\t\t\t\t<div class=\"elementor-element elementor-element-3152c8e elementor-widget elementor-widget-heading\" data-id=\"3152c8e\" data-element_type=\"widget\" data-widget_type=\"heading.default\">\n\t\t\t\t<div class=\"elementor-widget-container\">\n\t\t\t<style>\/*! elementor - v3.21.0 - 26-05-2024 *\/\n.elementor-heading-title{padding:0;margin:0;line-height:1}.elementor-widget-heading .elementor-heading-title[class*=elementor-size-]>a{color:inherit;font-size:inherit;line-height:inherit}.elementor-widget-heading .elementor-heading-title.elementor-size-small{font-size:15px}.elementor-widget-heading .elementor-heading-title.elementor-size-medium{font-size:19px}.elementor-widget-heading .elementor-heading-title.elementor-size-large{font-size:29px}.elementor-widget-heading .elementor-heading-title.elementor-size-xl{font-size:39px}.elementor-widget-heading .elementor-heading-title.elementor-size-xxl{font-size:59px}<\/style><h1 class=\"elementor-heading-title elementor-size-default\">Privacy Policy<\/h1>\t\t<\/div>\n\t\t\t\t<\/div>\n\t\t\t\t\t<\/div>\n\t\t<\/div>\n\t\t\t\t\t<\/div>\n\t\t<\/section>\n\t\t        \t\t<section class=\"elementor-section elementor-top-section elementor-element elementor-element-edcbe85 elementor-section-boxed elementor-section-height-default elementor-section-height-default\" data-id=\"edcbe85\" data-element_type=\"section\">\n\t\t\t\t\t\t<div class=\"elementor-container elementor-column-gap-extended\">\n\t\t\t\t\t<div class=\"elementor-column elementor-col-100 elementor-top-column elementor-element elementor-element-fcc737c\" data-id=\"fcc737c\" data-element_type=\"column\">\n\t\t\t<div class=\"elementor-widget-wrap elementor-element-populated\">\n\t\t\t\t\t\t<div class=\"elementor-element elementor-element-0453e82 elementor-widget elementor-widget-heading\" data-id=\"0453e82\" data-element_type=\"widget\" data-widget_type=\"heading.default\">\n\t\t\t\t<div class=\"elementor-widget-container\">\n\t\t\t<h3 class=\"elementor-heading-title elementor-size-default\">Notice of Privacy<\/h3>\t\t<\/div>\n\t\t\t\t<\/div>\n\t\t\t\t<div class=\"elementor-element elementor-element-da20c84 elementor-widget__width-initial elementor-widget elementor-widget-text-editor\" data-id=\"da20c84\" data-element_type=\"widget\" data-widget_type=\"text-editor.default\">\n\t\t\t\t<div class=\"elementor-widget-container\">\n\t\t\t<style>\/*! elementor - v3.21.0 - 26-05-2024 *\/\n.elementor-widget-text-editor.elementor-drop-cap-view-stacked .elementor-drop-cap{background-color:#69727d;color:#fff}.elementor-widget-text-editor.elementor-drop-cap-view-framed .elementor-drop-cap{color:#69727d;border:3px solid;background-color:transparent}.elementor-widget-text-editor:not(.elementor-drop-cap-view-default) .elementor-drop-cap{margin-top:8px}.elementor-widget-text-editor:not(.elementor-drop-cap-view-default) .elementor-drop-cap-letter{width:1em;height:1em}.elementor-widget-text-editor .elementor-drop-cap{float:left;text-align:center;line-height:1;font-size:50px}.elementor-widget-text-editor .elementor-drop-cap-letter{display:inline-block}<\/style>\t\t\t\t<p style=\"text-align: justify\"><strong>AVISO DE PRIVACIDAD<\/strong><\/p>\n<p style=\"text-align: left\">En GRUPO KAZAZA SA DE CV en adelante \u201cla marca\u201d con domicilio en Juan Escutia #45, interior 1, Colonia Condesa, Cuauht\u00e9moc, C.P. 06140 Ciudad de M\u00e9xico, CDMX, estamos comprometidos con salvaguardar la privacidad de sus datos personales y mantener una relaci\u00f3n estrecha y activa con nuestros consumidores y posibles consumidores por eso adem\u00e1s de este Aviso, aplicamos nuestra Pol\u00edtica de Privacidad y te invitamos a conocerla.<\/p>\n<p style=\"text-align: justify\">The personal data of our consumers and potential consumers are treated in a strictly private and confidential manner, so the obtaining, processing, transfer and exercise of the rights derived from said personal data is done through appropriate, legitimate and lawful use. permanently safeguarding the principles of legality, consent, quality, information, proportionality, responsibility, loyalty and purpose, in accordance with the provisions of the Federal Law on Protection of Personal Data Held by Private Parties, its Regulations and secondary provisions.<\/p>\n<p style=\"text-align: justify\">Below, we expressly and limitedly indicate the data that we may collect from you as a consumer and potential consumer:<\/p>\n<p style=\"text-align: justify\">Personal identification and contact information:<\/p>\n<ul style=\"text-align: left\">\n<li>\u2022 Nombre, apellido paterno y materno, edad, fecha de nacimiento, domicilio, c\u00f3digo postal, n\u00famero telef\u00f3nico, n\u00famero celular y correo electr\u00f3nico.<\/li>\n<\/ul>\n<p style=\"text-align: justify\">Which may be used to comply with the legal relationship established with the user derived from the acquisition of any of our products, to address complaints or recommendations regarding the use and application of the products. Additionally, your personal data may be processed to the following purposes: marketing, advertising, commercial prospecting, evaluation of our products and related services for commercial purposes.<\/p>\n<p style=\"text-align: justify\">The refusal granted for the additional processing of your personal data may not be a reason for us to deny you the products or services derived from the acquisition of the products or services that you purchase from us.<\/p>\n<p style=\"text-align: justify\">Derived from the above, the brand informs you that, in the event that you do not want your personal data to be processed for the additional purposes specified in this document, we request that you send us an email to the email address&nbsp;<a href=\"mailto:contacto@loredana.mx\">contacto@loredana.mx<\/a>, so that our \u201cPersonal Data Protection Officer\u201d documents said situation by registering it in our exclusion list called \u201cContacts who do not wish to send advertising.\u201d<\/p>\n<p style=\"text-align: justify\">To prevent unauthorized access to your personal data and in order to ensure that the information is used for the purposes established in this privacy notice, we have implemented physical, electronic and administrative procedures, using advanced technologies that limit the use or disclosure of your data. , allowing us to process it appropriately and prohibiting the unauthorized extraction of any type of information that contains personal data.<\/p>\n<p style=\"text-align: justify\">At any time you may revoke the consent you have given us for the processing of your personal data, so that we stop using it. However, it is important that you keep in mind that not in all cases we will be able to respond to your request or terminate its use immediately, since it is possible that due to some legal obligation we require to continue processing your personal data. Likewise, you must consider that for certain purposes, the revocation of your consent will mean that we will not be able to continue providing you with the service you requested from us, or the conclusion of your relationship with us.<\/p>\n<p style=\"text-align: justify\">If you consider that you have not received a response or the response given is not satisfactory, you have the right to go to the National Institute of Transparency, Access to Information and Protection of Personal Data (INAI) to submit a request for protection. of data within fifteen days following the date on which the deadline for a response to your request expires in accordance with the Federal Law on Protection of Personal Data Held by Private Parties and its Regulations, as well as the procedure that we have established for it, or, of the response that we would have given to it.<\/p>\n<p style=\"text-align: justify\"><strong>USE OF COOKIES, WEB BEACONS OR OTHER TECHNOLOGIES&nbsp;&nbsp;<\/strong><\/p>\n<p style=\"text-align: left\">BOTANICAL PRODUCTS LOREDANA, S.A.P.I. DE C.V., informs you that you may use mechanisms in remote or local means of electronic, optical or other communication technologies; such as cookies and web beacons, which allow various data to be collected automatically and simultaneously while you as a consumer or potential consumer make contact with them.<\/p>\n<p style=\"text-align: justify\">Cookies are those data files that are stored on the hard drive of a user's computer equipment or electronic communications device when browsing a specific Internet site, which allows the exchange of status information between said site and the user's browser. user. State information may in some cases reveal means of session identification, authentication or user preferences, as well as any other data stored by the browser regarding the Internet site.<\/p>\n<p style=\"text-align: justify\">Web beacons are understood to be any visible or hidden image inserted within a website or email, which is used to monitor user behavior in these media. Through these you can obtain information such as the source IP address, browser used, operating system, time at which the page was accessed, and in the case of email, the association of the previous data with the recipient.<\/p>\n<p style=\"text-align: justify\">Specifically, the company will use cookies and web beacons when sending emails with information related to the Brand, since when you receive and, if applicable, read any of our emails, through these technologies we will be able to collect the following data:<\/p>\n<ol style=\"text-align: justify\">\n<li>i) Know whether or not you opened the email we sent you and;<\/li>\n<li>ii) Know whether or not you accessed the link(s) or URL(s) contained in the email.<\/li>\n<\/ol>\n<p style=\"text-align: justify\">Likewise, we inform you that the data obtained through these technologies will be used exclusively for statistical purposes and review of results, without the possibility of transferring them to third parties.<\/p>\n<p style=\"text-align: justify\">Most browsers automatically accept cookies. However, it is possible to configure any browser to prevent it from accepting cookies and thus prevent your computer or device from storing them. Some browsers have a special mode that ensures that cookies are deleted after a visit. Consult your browser's manual for the exact steps to activate the corresponding mode. You can delete cookies stored on your computer or device at any time.<\/p>\n<p style=\"text-align: justify\"><span style=\"font-family: var(--text-font);color: var( --e-global-color-text );background-color: var(--white-color)\"><b>AVISO DE RESPONSABILIDAD:<\/b><\/span><\/p>\n<p style=\"text-align: justify\"><span style=\"font-family: var(--text-font);color: var( --e-global-color-text );background-color: var(--white-color)\">Cuando nos referimos a \u00ablibre de qu\u00edmicos\u00bb, esto significa que evitamos el uso de sustancias perjudiciales para la salud. Aunque nuestras f\u00f3rmulas contienen ciertos compuestos qu\u00edmicos, todos cumplen rigurosamente con los est\u00e1ndares de calidad requeridos para ser seguros tanto para los consumidores como para el medio ambiente. El enfoque se centra en la eliminaci\u00f3n de qu\u00edmicos da\u00f1inos, garantizando que nuestros productos son saludables y sostenibles.<\/span><\/p>\n<p style=\"text-align: justify\"><strong>MODIFICATIONS AND CHANGES TO THE PRIVACY NOTICE&nbsp;&nbsp;<\/strong><\/p>\n<p style=\"text-align: justify\">Este aviso de privacidad podr\u00e1 ser modificado o actualizado de tiempo en tiempo por GRUPO KAZAZA SA DE CV&nbsp;<strong style=\"font-family: var(--text-font);text-align: left;color: var( --e-global-color-text );background-color: var(--white-color)\">Last modified date: March 5, 2021<\/strong><\/p>\t\t\t\t\t\t<\/div>\n\t\t\t\t<\/div>\n\t\t\t\t\t<\/div>\n\t\t<\/div>\n\t\t\t\t\t<\/div>\n\t\t<\/section>\n\t\t        \t\t<\/div>","protected":false},"excerpt":{"rendered":"<p>Pol\u00edtica de privacidad Aviso de privacidad AVISO DE PRIVACIDAD En GRUPO KAZAZA SA DE CV en adelante \u201cla marca\u201d con domicilio en Juan Escutia #45, interior 1, Colonia Condesa, Cuauht\u00e9moc, C.P. 06140 Ciudad de M\u00e9xico, CDMX, estamos comprometidos con salvaguardar la privacidad de sus datos personales y mantener una relaci\u00f3n estrecha y activa con nuestros [&hellip;]<\/p>","protected":false},"author":1,"featured_media":0,"parent":0,"menu_order":0,"comment_status":"closed","ping_status":"closed","template":"","meta":{"_joinchat":[],"footnotes":""},"class_list":["post-2594","page","type-page","status-publish","hentry"],"acf":[],"yoast_head":"<!-- This site is optimized with the Yoast SEO plugin v25.6 - https:\/\/yoast.com\/wordpress\/plugins\/seo\/ -->\n<title>Pol\u00edtica de privacidad - Loredana<\/title>\n<meta name=\"robots\" content=\"index, follow, max-snippet:-1, max-image-preview:large, max-video-preview:-1\" \/>\n<link rel=\"canonical\" href=\"https:\/\/loredana.mx\/en\/politica-de-privacidad\/\" \/>\n<meta property=\"og:locale\" content=\"en_US\" \/>\n<meta property=\"og:type\" content=\"article\" \/>\n<meta property=\"og:title\" content=\"Pol\u00edtica de privacidad - Loredana\" \/>\n<meta property=\"og:description\" content=\"Pol\u00edtica de privacidad Aviso de privacidad AVISO DE PRIVACIDAD En GRUPO KAZAZA SA DE CV en adelante \u201cla marca\u201d con domicilio en Juan Escutia #45, interior 1, Colonia Condesa, Cuauht\u00e9moc, C.P. 06140 Ciudad de M\u00e9xico, CDMX, estamos comprometidos con salvaguardar la privacidad de sus datos personales y mantener una relaci\u00f3n estrecha y activa con nuestros [&hellip;]\" \/>\n<meta property=\"og:url\" content=\"https:\/\/loredana.mx\/en\/politica-de-privacidad\/\" \/>\n<meta property=\"og:site_name\" content=\"Loredana\" \/>\n<meta property=\"article:modified_time\" content=\"2024-09-20T00:02:43+00:00\" \/>\n<meta name=\"twitter:card\" content=\"summary_large_image\" \/>\n<meta name=\"twitter:label1\" content=\"Est. reading time\" \/>\n\t<meta name=\"twitter:data1\" content=\"6 minutes\" \/>\n<script type=\"application\/ld+json\" class=\"yoast-schema-graph\">{\"@context\":\"https:\/\/schema.org\",\"@graph\":[{\"@type\":\"WebPage\",\"@id\":\"https:\/\/loredana.mx\/politica-de-privacidad\/\",\"url\":\"https:\/\/loredana.mx\/politica-de-privacidad\/\",\"name\":\"Pol\u00edtica de privacidad - Loredana\",\"isPartOf\":{\"@id\":\"https:\/\/loredana.mx\/es_es\/#website\"},\"datePublished\":\"2021-06-13T17:11:23+00:00\",\"dateModified\":\"2024-09-20T00:02:43+00:00\",\"breadcrumb\":{\"@id\":\"https:\/\/loredana.mx\/politica-de-privacidad\/#breadcrumb\"},\"inLanguage\":\"en-US\",\"potentialAction\":[{\"@type\":\"ReadAction\",\"target\":[\"https:\/\/loredana.mx\/politica-de-privacidad\/\"]}]},{\"@type\":\"BreadcrumbList\",\"@id\":\"https:\/\/loredana.mx\/politica-de-privacidad\/#breadcrumb\",\"itemListElement\":[{\"@type\":\"ListItem\",\"position\":1,\"name\":\"Portada\",\"item\":\"https:\/\/loredana.mx\/\"},{\"@type\":\"ListItem\",\"position\":2,\"name\":\"Pol\u00edtica de privacidad\"}]},{\"@type\":\"WebSite\",\"@id\":\"https:\/\/loredana.mx\/es_es\/#website\",\"url\":\"https:\/\/loredana.mx\/es_es\/\",\"name\":\"Loredana\",\"description\":\"Amenidades premium para Hotel.\",\"potentialAction\":[{\"@type\":\"SearchAction\",\"target\":{\"@type\":\"EntryPoint\",\"urlTemplate\":\"https:\/\/loredana.mx\/es_es\/?s={search_term_string}\"},\"query-input\":{\"@type\":\"PropertyValueSpecification\",\"valueRequired\":true,\"valueName\":\"search_term_string\"}}],\"inLanguage\":\"en-US\"}]}<\/script>\n<!-- \/ Yoast SEO plugin. -->","yoast_head_json":{"title":"Pol\u00edtica de privacidad - Loredana","robots":{"index":"index","follow":"follow","max-snippet":"max-snippet:-1","max-image-preview":"max-image-preview:large","max-video-preview":"max-video-preview:-1"},"canonical":"https:\/\/loredana.mx\/en\/politica-de-privacidad\/","og_locale":"en_US","og_type":"article","og_title":"Pol\u00edtica de privacidad - Loredana","og_description":"Pol\u00edtica de privacidad Aviso de privacidad AVISO DE PRIVACIDAD En GRUPO KAZAZA SA DE CV en adelante \u201cla marca\u201d con domicilio en Juan Escutia #45, interior 1, Colonia Condesa, Cuauht\u00e9moc, C.P. 06140 Ciudad de M\u00e9xico, CDMX, estamos comprometidos con salvaguardar la privacidad de sus datos personales y mantener una relaci\u00f3n estrecha y activa con nuestros [&hellip;]","og_url":"https:\/\/loredana.mx\/en\/politica-de-privacidad\/","og_site_name":"Loredana","article_modified_time":"2024-09-20T00:02:43+00:00","twitter_card":"summary_large_image","twitter_misc":{"Est. reading time":"6 minutes"},"schema":{"@context":"https:\/\/schema.org","@graph":[{"@type":"WebPage","@id":"https:\/\/loredana.mx\/politica-de-privacidad\/","url":"https:\/\/loredana.mx\/politica-de-privacidad\/","name":"Pol\u00edtica de privacidad - Loredana","isPartOf":{"@id":"https:\/\/loredana.mx\/es_es\/#website"},"datePublished":"2021-06-13T17:11:23+00:00","dateModified":"2024-09-20T00:02:43+00:00","breadcrumb":{"@id":"https:\/\/loredana.mx\/politica-de-privacidad\/#breadcrumb"},"inLanguage":"en-US","potentialAction":[{"@type":"ReadAction","target":["https:\/\/loredana.mx\/politica-de-privacidad\/"]}]},{"@type":"BreadcrumbList","@id":"https:\/\/loredana.mx\/politica-de-privacidad\/#breadcrumb","itemListElement":[{"@type":"ListItem","position":1,"name":"Portada","item":"https:\/\/loredana.mx\/"},{"@type":"ListItem","position":2,"name":"Pol\u00edtica de privacidad"}]},{"@type":"WebSite","@id":"https:\/\/loredana.mx\/es_es\/#website","url":"https:\/\/loredana.mx\/es_es\/","name":"Loredana","description":"Amenidades premium para Hotel.","potentialAction":[{"@type":"SearchAction","target":{"@type":"EntryPoint","urlTemplate":"https:\/\/loredana.mx\/es_es\/?s={search_term_string}"},"query-input":{"@type":"PropertyValueSpecification","valueRequired":true,"valueName":"search_term_string"}}],"inLanguage":"en-US"}]}},"_links":{"self":[{"href":"https:\/\/loredana.mx\/en\/wp-json\/wp\/v2\/pages\/2594"}],"collection":[{"href":"https:\/\/loredana.mx\/en\/wp-json\/wp\/v2\/pages"}],"about":[{"href":"https:\/\/loredana.mx\/en\/wp-json\/wp\/v2\/types\/page"}],"author":[{"embeddable":true,"href":"https:\/\/loredana.mx\/en\/wp-json\/wp\/v2\/users\/1"}],"replies":[{"embeddable":true,"href":"https:\/\/loredana.mx\/en\/wp-json\/wp\/v2\/comments?post=2594"}],"version-history":[{"count":0,"href":"https:\/\/loredana.mx\/en\/wp-json\/wp\/v2\/pages\/2594\/revisions"}],"wp:attachment":[{"href":"https:\/\/loredana.mx\/en\/wp-json\/wp\/v2\/media?parent=2594"}],"curies":[{"name":"wp","href":"https:\/\/api.w.org\/{rel}","templated":true}]}}